{"id":6668,"date":"2020-08-19T17:18:59","date_gmt":"2020-08-19T15:18:59","guid":{"rendered":"https:\/\/www.nagraaudio.com\/la-collection-haut-de-gamme\/hd-line\/"},"modified":"2025-03-27T08:58:14","modified_gmt":"2025-03-27T07:58:14","slug":"hd-line","status":"publish","type":"page","link":"https:\/\/www.nagraaudio.com\/fr\/la-collection-haut-de-gamme\/hd-line\/","title":{"rendered":"La Gamme HD"},"content":{"rendered":"","protected":false},"excerpt":{"rendered":"","protected":false},"author":1,"featured_media":0,"parent":4793,"menu_order":326,"comment_status":"closed","ping_status":"closed","template":"","meta":{"_acf_changed":false,"footnotes":""},"class_list":["post-6668","page","type-page","status-publish","hentry"],"acf":[],"yoast_head":"<!-- This site is optimized with the Yoast SEO plugin v27.3 - https:\/\/yoast.com\/product\/yoast-seo-wordpress\/ -->\n<title>Gamme NAGRA HD \/ pr\u00e9amplificateurs, amplificateurs, DACs<\/title>\n<meta name=\"description\" content=\"La Gamme Nagra HD a \u00e9t\u00e9 cr\u00e9\u00e9e pour repousser les limites du r\u00e9alisme et abolir les fronti\u00e8res du possible en mati\u00e8re d&#039;\u00e9lectronique.\" \/>\n<meta name=\"robots\" content=\"index, follow, max-snippet:-1, max-image-preview:large, max-video-preview:-1\" \/>\n<link rel=\"canonical\" href=\"https:\/\/www.nagraaudio.com\/fr\/la-collection-haut-de-gamme\/hd-line\/\" \/>\n<meta property=\"og:locale\" content=\"fr_FR\" \/>\n<meta property=\"og:type\" content=\"article\" \/>\n<meta property=\"og:title\" content=\"Gamme NAGRA HD \/ pr\u00e9amplificateurs, amplificateurs, DACs\" \/>\n<meta property=\"og:description\" content=\"La Gamme Nagra HD a \u00e9t\u00e9 cr\u00e9\u00e9e pour repousser les limites du r\u00e9alisme et abolir les fronti\u00e8res du possible en mati\u00e8re d&#039;\u00e9lectronique.\" \/>\n<meta property=\"og:url\" content=\"https:\/\/www.nagraaudio.com\/fr\/la-collection-haut-de-gamme\/hd-line\/\" \/>\n<meta property=\"og:site_name\" content=\"Nagra\" \/>\n<meta property=\"article:publisher\" content=\"https:\/\/www.facebook.com\/nagraaudio\/\" \/>\n<meta property=\"article:modified_time\" content=\"2025-03-27T07:58:14+00:00\" \/>\n<meta name=\"twitter:card\" content=\"summary_large_image\" \/>\n<meta name=\"twitter:site\" content=\"@NAGRAAudio\" \/>\n<script type=\"application\/ld+json\" class=\"yoast-schema-graph\">{\"@context\":\"https:\\\/\\\/schema.org\",\"@graph\":[{\"@type\":\"WebPage\",\"@id\":\"https:\\\/\\\/www.nagraaudio.com\\\/fr\\\/la-collection-haut-de-gamme\\\/hd-line\\\/\",\"url\":\"https:\\\/\\\/www.nagraaudio.com\\\/fr\\\/la-collection-haut-de-gamme\\\/hd-line\\\/\",\"name\":\"Gamme NAGRA HD \\\/ pr\u00e9amplificateurs, amplificateurs, DACs\",\"isPartOf\":{\"@id\":\"https:\\\/\\\/www.nagraaudio.com\\\/fr\\\/#website\"},\"datePublished\":\"2020-08-19T15:18:59+00:00\",\"dateModified\":\"2025-03-27T07:58:14+00:00\",\"description\":\"La Gamme Nagra HD a \u00e9t\u00e9 cr\u00e9\u00e9e pour repousser les limites du r\u00e9alisme et abolir les fronti\u00e8res du possible en mati\u00e8re d'\u00e9lectronique.\",\"breadcrumb\":{\"@id\":\"https:\\\/\\\/www.nagraaudio.com\\\/fr\\\/la-collection-haut-de-gamme\\\/hd-line\\\/#breadcrumb\"},\"inLanguage\":\"fr-FR\",\"potentialAction\":[{\"@type\":\"ReadAction\",\"target\":[\"https:\\\/\\\/www.nagraaudio.com\\\/fr\\\/la-collection-haut-de-gamme\\\/hd-line\\\/\"]}]},{\"@type\":\"BreadcrumbList\",\"@id\":\"https:\\\/\\\/www.nagraaudio.com\\\/fr\\\/la-collection-haut-de-gamme\\\/hd-line\\\/#breadcrumb\",\"itemListElement\":[{\"@type\":\"ListItem\",\"position\":1,\"name\":\"Home\",\"item\":\"https:\\\/\\\/www.nagraaudio.com\\\/fr\\\/\"},{\"@type\":\"ListItem\",\"position\":2,\"name\":\"La collection Haut de gamme\",\"item\":\"https:\\\/\\\/www.nagraaudio.com\\\/fr\\\/la-collection-haut-de-gamme\\\/\"},{\"@type\":\"ListItem\",\"position\":3,\"name\":\"La Gamme HD\"}]},{\"@type\":\"WebSite\",\"@id\":\"https:\\\/\\\/www.nagraaudio.com\\\/fr\\\/#website\",\"url\":\"https:\\\/\\\/www.nagraaudio.com\\\/fr\\\/\",\"name\":\"Nagra\",\"description\":\"Professional Audio and High End Hifi\",\"potentialAction\":[{\"@type\":\"SearchAction\",\"target\":{\"@type\":\"EntryPoint\",\"urlTemplate\":\"https:\\\/\\\/www.nagraaudio.com\\\/fr\\\/?s={search_term_string}\"},\"query-input\":{\"@type\":\"PropertyValueSpecification\",\"valueRequired\":true,\"valueName\":\"search_term_string\"}}],\"inLanguage\":\"fr-FR\"}]}<\/script>\n<!-- \/ Yoast SEO plugin. -->","yoast_head_json":{"title":"Gamme NAGRA HD \/ pr\u00e9amplificateurs, amplificateurs, DACs","description":"La Gamme Nagra HD a \u00e9t\u00e9 cr\u00e9\u00e9e pour repousser les limites du r\u00e9alisme et abolir les fronti\u00e8res du possible en mati\u00e8re d'\u00e9lectronique.","robots":{"index":"index","follow":"follow","max-snippet":"max-snippet:-1","max-image-preview":"max-image-preview:large","max-video-preview":"max-video-preview:-1"},"canonical":"https:\/\/www.nagraaudio.com\/fr\/la-collection-haut-de-gamme\/hd-line\/","og_locale":"fr_FR","og_type":"article","og_title":"Gamme NAGRA HD \/ pr\u00e9amplificateurs, amplificateurs, DACs","og_description":"La Gamme Nagra HD a \u00e9t\u00e9 cr\u00e9\u00e9e pour repousser les limites du r\u00e9alisme et abolir les fronti\u00e8res du possible en mati\u00e8re d'\u00e9lectronique.","og_url":"https:\/\/www.nagraaudio.com\/fr\/la-collection-haut-de-gamme\/hd-line\/","og_site_name":"Nagra","article_publisher":"https:\/\/www.facebook.com\/nagraaudio\/","article_modified_time":"2025-03-27T07:58:14+00:00","twitter_card":"summary_large_image","twitter_site":"@NAGRAAudio","schema":{"@context":"https:\/\/schema.org","@graph":[{"@type":"WebPage","@id":"https:\/\/www.nagraaudio.com\/fr\/la-collection-haut-de-gamme\/hd-line\/","url":"https:\/\/www.nagraaudio.com\/fr\/la-collection-haut-de-gamme\/hd-line\/","name":"Gamme NAGRA HD \/ pr\u00e9amplificateurs, amplificateurs, DACs","isPartOf":{"@id":"https:\/\/www.nagraaudio.com\/fr\/#website"},"datePublished":"2020-08-19T15:18:59+00:00","dateModified":"2025-03-27T07:58:14+00:00","description":"La Gamme Nagra HD a \u00e9t\u00e9 cr\u00e9\u00e9e pour repousser les limites du r\u00e9alisme et abolir les fronti\u00e8res du possible en mati\u00e8re d'\u00e9lectronique.","breadcrumb":{"@id":"https:\/\/www.nagraaudio.com\/fr\/la-collection-haut-de-gamme\/hd-line\/#breadcrumb"},"inLanguage":"fr-FR","potentialAction":[{"@type":"ReadAction","target":["https:\/\/www.nagraaudio.com\/fr\/la-collection-haut-de-gamme\/hd-line\/"]}]},{"@type":"BreadcrumbList","@id":"https:\/\/www.nagraaudio.com\/fr\/la-collection-haut-de-gamme\/hd-line\/#breadcrumb","itemListElement":[{"@type":"ListItem","position":1,"name":"Home","item":"https:\/\/www.nagraaudio.com\/fr\/"},{"@type":"ListItem","position":2,"name":"La collection Haut de gamme","item":"https:\/\/www.nagraaudio.com\/fr\/la-collection-haut-de-gamme\/"},{"@type":"ListItem","position":3,"name":"La Gamme HD"}]},{"@type":"WebSite","@id":"https:\/\/www.nagraaudio.com\/fr\/#website","url":"https:\/\/www.nagraaudio.com\/fr\/","name":"Nagra","description":"Professional Audio and High End Hifi","potentialAction":[{"@type":"SearchAction","target":{"@type":"EntryPoint","urlTemplate":"https:\/\/www.nagraaudio.com\/fr\/?s={search_term_string}"},"query-input":{"@type":"PropertyValueSpecification","valueRequired":true,"valueName":"search_term_string"}}],"inLanguage":"fr-FR"}]}},"_links":{"self":[{"href":"https:\/\/www.nagraaudio.com\/fr\/wp-json\/wp\/v2\/pages\/6668","targetHints":{"allow":["GET"]}}],"collection":[{"href":"https:\/\/www.nagraaudio.com\/fr\/wp-json\/wp\/v2\/pages"}],"about":[{"href":"https:\/\/www.nagraaudio.com\/fr\/wp-json\/wp\/v2\/types\/page"}],"author":[{"embeddable":true,"href":"https:\/\/www.nagraaudio.com\/fr\/wp-json\/wp\/v2\/users\/1"}],"replies":[{"embeddable":true,"href":"https:\/\/www.nagraaudio.com\/fr\/wp-json\/wp\/v2\/comments?post=6668"}],"version-history":[{"count":0,"href":"https:\/\/www.nagraaudio.com\/fr\/wp-json\/wp\/v2\/pages\/6668\/revisions"}],"up":[{"embeddable":true,"href":"https:\/\/www.nagraaudio.com\/fr\/wp-json\/wp\/v2\/pages\/4793"}],"wp:attachment":[{"href":"https:\/\/www.nagraaudio.com\/fr\/wp-json\/wp\/v2\/media?parent=6668"}],"curies":[{"name":"wp","href":"https:\/\/api.w.org\/{rel}","templated":true}]}}