{"id":4793,"date":"2020-08-19T17:18:12","date_gmt":"2020-08-19T15:18:12","guid":{"rendered":"https:\/\/www.nagraaudio.com\/la-collection-haut-de-gamme\/"},"modified":"2026-01-26T12:11:11","modified_gmt":"2026-01-26T11:11:11","slug":"la-collection-haut-de-gamme","status":"publish","type":"page","link":"https:\/\/www.nagraaudio.com\/fr\/la-collection-haut-de-gamme\/","title":{"rendered":"La collection Haut de gamme"},"content":{"rendered":"","protected":false},"excerpt":{"rendered":"","protected":false},"author":1,"featured_media":0,"parent":0,"menu_order":373,"comment_status":"closed","ping_status":"closed","template":"templates\/high_end.php","meta":{"_acf_changed":false,"footnotes":""},"class_list":["post-4793","page","type-page","status-publish","hentry"],"acf":[],"yoast_head":"<!-- This site is optimized with the Yoast SEO plugin v27.4 - https:\/\/yoast.com\/product\/yoast-seo-wordpress\/ -->\n<title>La collection haut de gamme NAGRA \u2013 Le meilleur syst\u00e8me Hifi<\/title>\n<meta name=\"description\" content=\"Plus de 70\u00a0ann\u00e9es d&#039;innovation audio au service des musiciens et des artistes pour vous transmettre fid\u00e8lement leurs intentions et \u00e9motions.\" \/>\n<meta name=\"robots\" content=\"index, follow, max-snippet:-1, max-image-preview:large, max-video-preview:-1\" \/>\n<link rel=\"canonical\" href=\"https:\/\/www.nagraaudio.com\/fr\/la-collection-haut-de-gamme\/\" \/>\n<meta property=\"og:locale\" content=\"fr_FR\" \/>\n<meta property=\"og:type\" content=\"article\" \/>\n<meta property=\"og:title\" content=\"La collection haut de gamme NAGRA \u2013 Le meilleur syst\u00e8me Hifi\" \/>\n<meta property=\"og:description\" content=\"Plus de 70\u00a0ann\u00e9es d&#039;innovation audio au service des musiciens et des artistes pour vous transmettre fid\u00e8lement leurs intentions et \u00e9motions.\" \/>\n<meta property=\"og:url\" content=\"https:\/\/www.nagraaudio.com\/fr\/la-collection-haut-de-gamme\/\" \/>\n<meta property=\"og:site_name\" content=\"Nagra\" \/>\n<meta property=\"article:publisher\" content=\"https:\/\/www.facebook.com\/nagraaudio\/\" \/>\n<meta property=\"article:modified_time\" content=\"2026-01-26T11:11:11+00:00\" \/>\n<meta name=\"twitter:card\" content=\"summary_large_image\" \/>\n<meta name=\"twitter:site\" content=\"@NAGRAAudio\" \/>\n<script type=\"application\/ld+json\" class=\"yoast-schema-graph\">{\"@context\":\"https:\\\/\\\/schema.org\",\"@graph\":[{\"@type\":\"WebPage\",\"@id\":\"https:\\\/\\\/www.nagraaudio.com\\\/fr\\\/la-collection-haut-de-gamme\\\/\",\"url\":\"https:\\\/\\\/www.nagraaudio.com\\\/fr\\\/la-collection-haut-de-gamme\\\/\",\"name\":\"La collection haut de gamme NAGRA \u2013 Le meilleur syst\u00e8me Hifi\",\"isPartOf\":{\"@id\":\"https:\\\/\\\/www.nagraaudio.com\\\/fr\\\/#website\"},\"datePublished\":\"2020-08-19T15:18:12+00:00\",\"dateModified\":\"2026-01-26T11:11:11+00:00\",\"description\":\"Plus de 70\u00a0ann\u00e9es d'innovation audio au service des musiciens et des artistes pour vous transmettre fid\u00e8lement leurs intentions et \u00e9motions.\",\"breadcrumb\":{\"@id\":\"https:\\\/\\\/www.nagraaudio.com\\\/fr\\\/la-collection-haut-de-gamme\\\/#breadcrumb\"},\"inLanguage\":\"fr-FR\",\"potentialAction\":[{\"@type\":\"ReadAction\",\"target\":[\"https:\\\/\\\/www.nagraaudio.com\\\/fr\\\/la-collection-haut-de-gamme\\\/\"]}]},{\"@type\":\"BreadcrumbList\",\"@id\":\"https:\\\/\\\/www.nagraaudio.com\\\/fr\\\/la-collection-haut-de-gamme\\\/#breadcrumb\",\"itemListElement\":[{\"@type\":\"ListItem\",\"position\":1,\"name\":\"Home\",\"item\":\"https:\\\/\\\/www.nagraaudio.com\\\/fr\\\/\"},{\"@type\":\"ListItem\",\"position\":2,\"name\":\"La collection Haut de gamme\"}]},{\"@type\":\"WebSite\",\"@id\":\"https:\\\/\\\/www.nagraaudio.com\\\/fr\\\/#website\",\"url\":\"https:\\\/\\\/www.nagraaudio.com\\\/fr\\\/\",\"name\":\"Nagra\",\"description\":\"Professional Audio and High End Hifi\",\"potentialAction\":[{\"@type\":\"SearchAction\",\"target\":{\"@type\":\"EntryPoint\",\"urlTemplate\":\"https:\\\/\\\/www.nagraaudio.com\\\/fr\\\/?s={search_term_string}\"},\"query-input\":{\"@type\":\"PropertyValueSpecification\",\"valueRequired\":true,\"valueName\":\"search_term_string\"}}],\"inLanguage\":\"fr-FR\"}]}<\/script>\n<!-- \/ Yoast SEO plugin. -->","yoast_head_json":{"title":"La collection haut de gamme NAGRA \u2013 Le meilleur syst\u00e8me Hifi","description":"Plus de 70\u00a0ann\u00e9es d'innovation audio au service des musiciens et des artistes pour vous transmettre fid\u00e8lement leurs intentions et \u00e9motions.","robots":{"index":"index","follow":"follow","max-snippet":"max-snippet:-1","max-image-preview":"max-image-preview:large","max-video-preview":"max-video-preview:-1"},"canonical":"https:\/\/www.nagraaudio.com\/fr\/la-collection-haut-de-gamme\/","og_locale":"fr_FR","og_type":"article","og_title":"La collection haut de gamme NAGRA \u2013 Le meilleur syst\u00e8me Hifi","og_description":"Plus de 70\u00a0ann\u00e9es d'innovation audio au service des musiciens et des artistes pour vous transmettre fid\u00e8lement leurs intentions et \u00e9motions.","og_url":"https:\/\/www.nagraaudio.com\/fr\/la-collection-haut-de-gamme\/","og_site_name":"Nagra","article_publisher":"https:\/\/www.facebook.com\/nagraaudio\/","article_modified_time":"2026-01-26T11:11:11+00:00","twitter_card":"summary_large_image","twitter_site":"@NAGRAAudio","schema":{"@context":"https:\/\/schema.org","@graph":[{"@type":"WebPage","@id":"https:\/\/www.nagraaudio.com\/fr\/la-collection-haut-de-gamme\/","url":"https:\/\/www.nagraaudio.com\/fr\/la-collection-haut-de-gamme\/","name":"La collection haut de gamme NAGRA \u2013 Le meilleur syst\u00e8me Hifi","isPartOf":{"@id":"https:\/\/www.nagraaudio.com\/fr\/#website"},"datePublished":"2020-08-19T15:18:12+00:00","dateModified":"2026-01-26T11:11:11+00:00","description":"Plus de 70\u00a0ann\u00e9es d'innovation audio au service des musiciens et des artistes pour vous transmettre fid\u00e8lement leurs intentions et \u00e9motions.","breadcrumb":{"@id":"https:\/\/www.nagraaudio.com\/fr\/la-collection-haut-de-gamme\/#breadcrumb"},"inLanguage":"fr-FR","potentialAction":[{"@type":"ReadAction","target":["https:\/\/www.nagraaudio.com\/fr\/la-collection-haut-de-gamme\/"]}]},{"@type":"BreadcrumbList","@id":"https:\/\/www.nagraaudio.com\/fr\/la-collection-haut-de-gamme\/#breadcrumb","itemListElement":[{"@type":"ListItem","position":1,"name":"Home","item":"https:\/\/www.nagraaudio.com\/fr\/"},{"@type":"ListItem","position":2,"name":"La collection Haut de gamme"}]},{"@type":"WebSite","@id":"https:\/\/www.nagraaudio.com\/fr\/#website","url":"https:\/\/www.nagraaudio.com\/fr\/","name":"Nagra","description":"Professional Audio and High End Hifi","potentialAction":[{"@type":"SearchAction","target":{"@type":"EntryPoint","urlTemplate":"https:\/\/www.nagraaudio.com\/fr\/?s={search_term_string}"},"query-input":{"@type":"PropertyValueSpecification","valueRequired":true,"valueName":"search_term_string"}}],"inLanguage":"fr-FR"}]}},"_links":{"self":[{"href":"https:\/\/www.nagraaudio.com\/fr\/wp-json\/wp\/v2\/pages\/4793","targetHints":{"allow":["GET"]}}],"collection":[{"href":"https:\/\/www.nagraaudio.com\/fr\/wp-json\/wp\/v2\/pages"}],"about":[{"href":"https:\/\/www.nagraaudio.com\/fr\/wp-json\/wp\/v2\/types\/page"}],"author":[{"embeddable":true,"href":"https:\/\/www.nagraaudio.com\/fr\/wp-json\/wp\/v2\/users\/1"}],"replies":[{"embeddable":true,"href":"https:\/\/www.nagraaudio.com\/fr\/wp-json\/wp\/v2\/comments?post=4793"}],"version-history":[{"count":2,"href":"https:\/\/www.nagraaudio.com\/fr\/wp-json\/wp\/v2\/pages\/4793\/revisions"}],"predecessor-version":[{"id":43825,"href":"https:\/\/www.nagraaudio.com\/fr\/wp-json\/wp\/v2\/pages\/4793\/revisions\/43825"}],"wp:attachment":[{"href":"https:\/\/www.nagraaudio.com\/fr\/wp-json\/wp\/v2\/media?parent=4793"}],"curies":[{"name":"wp","href":"https:\/\/api.w.org\/{rel}","templated":true}]}}