{"id":4547,"date":"2020-08-19T17:16:05","date_gmt":"2020-08-19T15:16:05","guid":{"rendered":"https:\/\/www.nagraaudio.com\/fabrication-suisse\/"},"modified":"2022-03-22T14:17:00","modified_gmt":"2022-03-22T13:17:00","slug":"fabrication-suisse","status":"publish","type":"page","link":"https:\/\/www.nagraaudio.com\/fr\/fabrication-suisse\/","title":{"rendered":"Fabrication suisse"},"content":{"rendered":"","protected":false},"excerpt":{"rendered":"","protected":false},"author":1,"featured_media":0,"parent":0,"menu_order":432,"comment_status":"closed","ping_status":"closed","template":"","meta":{"_acf_changed":false,"footnotes":""},"class_list":["post-4547","page","type-page","status-publish","hentry"],"acf":[],"yoast_head":"<!-- This site is optimized with the Yoast SEO plugin v27.5 - https:\/\/yoast.com\/product\/yoast-seo-wordpress\/ -->\n<title>Nagra - Fabrication suisse<\/title>\n<meta name=\"description\" content=\"Fabriqu\u00e9 en Suisse - Artisanat suisse - La r\u00e9putation de qualit\u00e9 et de pr\u00e9cision de la Suisse est proverbiale\" \/>\n<meta name=\"robots\" content=\"index, follow, max-snippet:-1, max-image-preview:large, max-video-preview:-1\" \/>\n<link rel=\"canonical\" href=\"https:\/\/www.nagraaudio.com\/fr\/fabrication-suisse\/\" \/>\n<meta property=\"og:locale\" content=\"fr_FR\" \/>\n<meta property=\"og:type\" content=\"article\" \/>\n<meta property=\"og:title\" content=\"Nagra - Fabrication suisse\" \/>\n<meta property=\"og:description\" content=\"Fabriqu\u00e9 en Suisse - Artisanat suisse - La r\u00e9putation de qualit\u00e9 et de pr\u00e9cision de la Suisse est proverbiale\" \/>\n<meta property=\"og:url\" content=\"https:\/\/www.nagraaudio.com\/fr\/fabrication-suisse\/\" \/>\n<meta property=\"og:site_name\" content=\"Nagra\" \/>\n<meta property=\"article:publisher\" content=\"https:\/\/www.facebook.com\/nagraaudio\/\" \/>\n<meta property=\"article:modified_time\" content=\"2022-03-22T13:17:00+00:00\" \/>\n<meta name=\"twitter:card\" content=\"summary_large_image\" \/>\n<meta name=\"twitter:site\" content=\"@NAGRAAudio\" \/>\n<script type=\"application\/ld+json\" class=\"yoast-schema-graph\">{\"@context\":\"https:\\\/\\\/schema.org\",\"@graph\":[{\"@type\":\"WebPage\",\"@id\":\"https:\\\/\\\/www.nagraaudio.com\\\/fr\\\/fabrication-suisse\\\/\",\"url\":\"https:\\\/\\\/www.nagraaudio.com\\\/fr\\\/fabrication-suisse\\\/\",\"name\":\"Nagra - Fabrication suisse\",\"isPartOf\":{\"@id\":\"https:\\\/\\\/www.nagraaudio.com\\\/fr\\\/#website\"},\"datePublished\":\"2020-08-19T15:16:05+00:00\",\"dateModified\":\"2022-03-22T13:17:00+00:00\",\"description\":\"Fabriqu\u00e9 en Suisse - Artisanat suisse - La r\u00e9putation de qualit\u00e9 et de pr\u00e9cision de la Suisse est proverbiale\",\"breadcrumb\":{\"@id\":\"https:\\\/\\\/www.nagraaudio.com\\\/fr\\\/fabrication-suisse\\\/#breadcrumb\"},\"inLanguage\":\"fr-FR\",\"potentialAction\":[{\"@type\":\"ReadAction\",\"target\":[\"https:\\\/\\\/www.nagraaudio.com\\\/fr\\\/fabrication-suisse\\\/\"]}]},{\"@type\":\"BreadcrumbList\",\"@id\":\"https:\\\/\\\/www.nagraaudio.com\\\/fr\\\/fabrication-suisse\\\/#breadcrumb\",\"itemListElement\":[{\"@type\":\"ListItem\",\"position\":1,\"name\":\"Home\",\"item\":\"https:\\\/\\\/www.nagraaudio.com\\\/fr\\\/\"},{\"@type\":\"ListItem\",\"position\":2,\"name\":\"Fabrication suisse\"}]},{\"@type\":\"WebSite\",\"@id\":\"https:\\\/\\\/www.nagraaudio.com\\\/fr\\\/#website\",\"url\":\"https:\\\/\\\/www.nagraaudio.com\\\/fr\\\/\",\"name\":\"Nagra\",\"description\":\"Professional Audio and High End Hifi\",\"potentialAction\":[{\"@type\":\"SearchAction\",\"target\":{\"@type\":\"EntryPoint\",\"urlTemplate\":\"https:\\\/\\\/www.nagraaudio.com\\\/fr\\\/?s={search_term_string}\"},\"query-input\":{\"@type\":\"PropertyValueSpecification\",\"valueRequired\":true,\"valueName\":\"search_term_string\"}}],\"inLanguage\":\"fr-FR\"}]}<\/script>\n<!-- \/ Yoast SEO plugin. -->","yoast_head_json":{"title":"Nagra - Fabrication suisse","description":"Fabriqu\u00e9 en Suisse - Artisanat suisse - La r\u00e9putation de qualit\u00e9 et de pr\u00e9cision de la Suisse est proverbiale","robots":{"index":"index","follow":"follow","max-snippet":"max-snippet:-1","max-image-preview":"max-image-preview:large","max-video-preview":"max-video-preview:-1"},"canonical":"https:\/\/www.nagraaudio.com\/fr\/fabrication-suisse\/","og_locale":"fr_FR","og_type":"article","og_title":"Nagra - Fabrication suisse","og_description":"Fabriqu\u00e9 en Suisse - Artisanat suisse - La r\u00e9putation de qualit\u00e9 et de pr\u00e9cision de la Suisse est proverbiale","og_url":"https:\/\/www.nagraaudio.com\/fr\/fabrication-suisse\/","og_site_name":"Nagra","article_publisher":"https:\/\/www.facebook.com\/nagraaudio\/","article_modified_time":"2022-03-22T13:17:00+00:00","twitter_card":"summary_large_image","twitter_site":"@NAGRAAudio","schema":{"@context":"https:\/\/schema.org","@graph":[{"@type":"WebPage","@id":"https:\/\/www.nagraaudio.com\/fr\/fabrication-suisse\/","url":"https:\/\/www.nagraaudio.com\/fr\/fabrication-suisse\/","name":"Nagra - Fabrication suisse","isPartOf":{"@id":"https:\/\/www.nagraaudio.com\/fr\/#website"},"datePublished":"2020-08-19T15:16:05+00:00","dateModified":"2022-03-22T13:17:00+00:00","description":"Fabriqu\u00e9 en Suisse - Artisanat suisse - La r\u00e9putation de qualit\u00e9 et de pr\u00e9cision de la Suisse est proverbiale","breadcrumb":{"@id":"https:\/\/www.nagraaudio.com\/fr\/fabrication-suisse\/#breadcrumb"},"inLanguage":"fr-FR","potentialAction":[{"@type":"ReadAction","target":["https:\/\/www.nagraaudio.com\/fr\/fabrication-suisse\/"]}]},{"@type":"BreadcrumbList","@id":"https:\/\/www.nagraaudio.com\/fr\/fabrication-suisse\/#breadcrumb","itemListElement":[{"@type":"ListItem","position":1,"name":"Home","item":"https:\/\/www.nagraaudio.com\/fr\/"},{"@type":"ListItem","position":2,"name":"Fabrication suisse"}]},{"@type":"WebSite","@id":"https:\/\/www.nagraaudio.com\/fr\/#website","url":"https:\/\/www.nagraaudio.com\/fr\/","name":"Nagra","description":"Professional Audio and High End Hifi","potentialAction":[{"@type":"SearchAction","target":{"@type":"EntryPoint","urlTemplate":"https:\/\/www.nagraaudio.com\/fr\/?s={search_term_string}"},"query-input":{"@type":"PropertyValueSpecification","valueRequired":true,"valueName":"search_term_string"}}],"inLanguage":"fr-FR"}]}},"_links":{"self":[{"href":"https:\/\/www.nagraaudio.com\/fr\/wp-json\/wp\/v2\/pages\/4547","targetHints":{"allow":["GET"]}}],"collection":[{"href":"https:\/\/www.nagraaudio.com\/fr\/wp-json\/wp\/v2\/pages"}],"about":[{"href":"https:\/\/www.nagraaudio.com\/fr\/wp-json\/wp\/v2\/types\/page"}],"author":[{"embeddable":true,"href":"https:\/\/www.nagraaudio.com\/fr\/wp-json\/wp\/v2\/users\/1"}],"replies":[{"embeddable":true,"href":"https:\/\/www.nagraaudio.com\/fr\/wp-json\/wp\/v2\/comments?post=4547"}],"version-history":[{"count":0,"href":"https:\/\/www.nagraaudio.com\/fr\/wp-json\/wp\/v2\/pages\/4547\/revisions"}],"wp:attachment":[{"href":"https:\/\/www.nagraaudio.com\/fr\/wp-json\/wp\/v2\/media?parent=4547"}],"curies":[{"name":"wp","href":"https:\/\/api.w.org\/{rel}","templated":true}]}}