{"id":43781,"date":"2026-01-20T15:44:43","date_gmt":"2026-01-20T14:44:43","guid":{"rendered":"https:\/\/www.nagraaudio.com\/?page_id=43781"},"modified":"2026-01-26T10:47:45","modified_gmt":"2026-01-26T09:47:45","slug":"la-serie-ii","status":"publish","type":"page","link":"https:\/\/www.nagraaudio.com\/fr\/la-collection-haut-de-gamme\/la-serie-ii\/","title":{"rendered":"La S\u00e9rie II"},"content":{"rendered":"","protected":false},"excerpt":{"rendered":"","protected":false},"author":2,"featured_media":0,"parent":4793,"menu_order":312,"comment_status":"closed","ping_status":"closed","template":"","meta":{"_acf_changed":false,"footnotes":""},"class_list":["post-43781","page","type-page","status-publish","hentry"],"acf":[],"yoast_head":"<!-- This site is optimized with the Yoast SEO plugin v27.4 - https:\/\/yoast.com\/product\/yoast-seo-wordpress\/ -->\n<title>NAGRA Series II | Preamplificateur<\/title>\n<meta name=\"description\" content=\"La s\u00e9rie II incarne la pr\u00e9cision suisse et la puret\u00e9 sonore, offrant un design intemporel, des performances de r\u00e9f\u00e9rence et une exp\u00e9rience d&#039;\u00e9coute sans compromis pour les audiophiles.\" \/>\n<meta name=\"robots\" content=\"index, follow, max-snippet:-1, max-image-preview:large, max-video-preview:-1\" \/>\n<link rel=\"canonical\" href=\"https:\/\/www.nagraaudio.com\/fr\/la-collection-haut-de-gamme\/la-serie-ii\/\" \/>\n<meta property=\"og:locale\" content=\"fr_FR\" \/>\n<meta property=\"og:type\" content=\"article\" \/>\n<meta property=\"og:title\" content=\"NAGRA Series II | Preamplificateur\" \/>\n<meta property=\"og:description\" content=\"La s\u00e9rie II incarne la pr\u00e9cision suisse et la puret\u00e9 sonore, offrant un design intemporel, des performances de r\u00e9f\u00e9rence et une exp\u00e9rience d&#039;\u00e9coute sans compromis pour les audiophiles.\" \/>\n<meta property=\"og:url\" content=\"https:\/\/www.nagraaudio.com\/fr\/la-collection-haut-de-gamme\/la-serie-ii\/\" \/>\n<meta property=\"og:site_name\" content=\"Nagra\" \/>\n<meta property=\"article:publisher\" content=\"https:\/\/www.facebook.com\/nagraaudio\/\" \/>\n<meta property=\"article:modified_time\" content=\"2026-01-26T09:47:45+00:00\" \/>\n<meta name=\"twitter:card\" content=\"summary_large_image\" \/>\n<meta name=\"twitter:site\" content=\"@NAGRAAudio\" \/>\n<script type=\"application\/ld+json\" class=\"yoast-schema-graph\">{\"@context\":\"https:\\\/\\\/schema.org\",\"@graph\":[{\"@type\":\"WebPage\",\"@id\":\"https:\\\/\\\/www.nagraaudio.com\\\/fr\\\/la-collection-haut-de-gamme\\\/la-serie-ii\\\/\",\"url\":\"https:\\\/\\\/www.nagraaudio.com\\\/fr\\\/la-collection-haut-de-gamme\\\/la-serie-ii\\\/\",\"name\":\"NAGRA Series II | Preamplificateur\",\"isPartOf\":{\"@id\":\"https:\\\/\\\/www.nagraaudio.com\\\/fr\\\/#website\"},\"datePublished\":\"2026-01-20T14:44:43+00:00\",\"dateModified\":\"2026-01-26T09:47:45+00:00\",\"description\":\"La s\u00e9rie II incarne la pr\u00e9cision suisse et la puret\u00e9 sonore, offrant un design intemporel, des performances de r\u00e9f\u00e9rence et une exp\u00e9rience d'\u00e9coute sans compromis pour les audiophiles.\",\"breadcrumb\":{\"@id\":\"https:\\\/\\\/www.nagraaudio.com\\\/fr\\\/la-collection-haut-de-gamme\\\/la-serie-ii\\\/#breadcrumb\"},\"inLanguage\":\"fr-FR\",\"potentialAction\":[{\"@type\":\"ReadAction\",\"target\":[\"https:\\\/\\\/www.nagraaudio.com\\\/fr\\\/la-collection-haut-de-gamme\\\/la-serie-ii\\\/\"]}]},{\"@type\":\"BreadcrumbList\",\"@id\":\"https:\\\/\\\/www.nagraaudio.com\\\/fr\\\/la-collection-haut-de-gamme\\\/la-serie-ii\\\/#breadcrumb\",\"itemListElement\":[{\"@type\":\"ListItem\",\"position\":1,\"name\":\"Home\",\"item\":\"https:\\\/\\\/www.nagraaudio.com\\\/fr\\\/\"},{\"@type\":\"ListItem\",\"position\":2,\"name\":\"La collection Haut de gamme\",\"item\":\"https:\\\/\\\/www.nagraaudio.com\\\/fr\\\/la-collection-haut-de-gamme\\\/\"},{\"@type\":\"ListItem\",\"position\":3,\"name\":\"La S\u00e9rie II\"}]},{\"@type\":\"WebSite\",\"@id\":\"https:\\\/\\\/www.nagraaudio.com\\\/fr\\\/#website\",\"url\":\"https:\\\/\\\/www.nagraaudio.com\\\/fr\\\/\",\"name\":\"Nagra\",\"description\":\"Professional Audio and High End Hifi\",\"potentialAction\":[{\"@type\":\"SearchAction\",\"target\":{\"@type\":\"EntryPoint\",\"urlTemplate\":\"https:\\\/\\\/www.nagraaudio.com\\\/fr\\\/?s={search_term_string}\"},\"query-input\":{\"@type\":\"PropertyValueSpecification\",\"valueRequired\":true,\"valueName\":\"search_term_string\"}}],\"inLanguage\":\"fr-FR\"}]}<\/script>\n<!-- \/ Yoast SEO plugin. -->","yoast_head_json":{"title":"NAGRA Series II | Preamplificateur","description":"La s\u00e9rie II incarne la pr\u00e9cision suisse et la puret\u00e9 sonore, offrant un design intemporel, des performances de r\u00e9f\u00e9rence et une exp\u00e9rience d'\u00e9coute sans compromis pour les audiophiles.","robots":{"index":"index","follow":"follow","max-snippet":"max-snippet:-1","max-image-preview":"max-image-preview:large","max-video-preview":"max-video-preview:-1"},"canonical":"https:\/\/www.nagraaudio.com\/fr\/la-collection-haut-de-gamme\/la-serie-ii\/","og_locale":"fr_FR","og_type":"article","og_title":"NAGRA Series II | Preamplificateur","og_description":"La s\u00e9rie II incarne la pr\u00e9cision suisse et la puret\u00e9 sonore, offrant un design intemporel, des performances de r\u00e9f\u00e9rence et une exp\u00e9rience d'\u00e9coute sans compromis pour les audiophiles.","og_url":"https:\/\/www.nagraaudio.com\/fr\/la-collection-haut-de-gamme\/la-serie-ii\/","og_site_name":"Nagra","article_publisher":"https:\/\/www.facebook.com\/nagraaudio\/","article_modified_time":"2026-01-26T09:47:45+00:00","twitter_card":"summary_large_image","twitter_site":"@NAGRAAudio","schema":{"@context":"https:\/\/schema.org","@graph":[{"@type":"WebPage","@id":"https:\/\/www.nagraaudio.com\/fr\/la-collection-haut-de-gamme\/la-serie-ii\/","url":"https:\/\/www.nagraaudio.com\/fr\/la-collection-haut-de-gamme\/la-serie-ii\/","name":"NAGRA Series II | Preamplificateur","isPartOf":{"@id":"https:\/\/www.nagraaudio.com\/fr\/#website"},"datePublished":"2026-01-20T14:44:43+00:00","dateModified":"2026-01-26T09:47:45+00:00","description":"La s\u00e9rie II incarne la pr\u00e9cision suisse et la puret\u00e9 sonore, offrant un design intemporel, des performances de r\u00e9f\u00e9rence et une exp\u00e9rience d'\u00e9coute sans compromis pour les audiophiles.","breadcrumb":{"@id":"https:\/\/www.nagraaudio.com\/fr\/la-collection-haut-de-gamme\/la-serie-ii\/#breadcrumb"},"inLanguage":"fr-FR","potentialAction":[{"@type":"ReadAction","target":["https:\/\/www.nagraaudio.com\/fr\/la-collection-haut-de-gamme\/la-serie-ii\/"]}]},{"@type":"BreadcrumbList","@id":"https:\/\/www.nagraaudio.com\/fr\/la-collection-haut-de-gamme\/la-serie-ii\/#breadcrumb","itemListElement":[{"@type":"ListItem","position":1,"name":"Home","item":"https:\/\/www.nagraaudio.com\/fr\/"},{"@type":"ListItem","position":2,"name":"La collection Haut de gamme","item":"https:\/\/www.nagraaudio.com\/fr\/la-collection-haut-de-gamme\/"},{"@type":"ListItem","position":3,"name":"La S\u00e9rie II"}]},{"@type":"WebSite","@id":"https:\/\/www.nagraaudio.com\/fr\/#website","url":"https:\/\/www.nagraaudio.com\/fr\/","name":"Nagra","description":"Professional Audio and High End Hifi","potentialAction":[{"@type":"SearchAction","target":{"@type":"EntryPoint","urlTemplate":"https:\/\/www.nagraaudio.com\/fr\/?s={search_term_string}"},"query-input":{"@type":"PropertyValueSpecification","valueRequired":true,"valueName":"search_term_string"}}],"inLanguage":"fr-FR"}]}},"_links":{"self":[{"href":"https:\/\/www.nagraaudio.com\/fr\/wp-json\/wp\/v2\/pages\/43781","targetHints":{"allow":["GET"]}}],"collection":[{"href":"https:\/\/www.nagraaudio.com\/fr\/wp-json\/wp\/v2\/pages"}],"about":[{"href":"https:\/\/www.nagraaudio.com\/fr\/wp-json\/wp\/v2\/types\/page"}],"author":[{"embeddable":true,"href":"https:\/\/www.nagraaudio.com\/fr\/wp-json\/wp\/v2\/users\/2"}],"replies":[{"embeddable":true,"href":"https:\/\/www.nagraaudio.com\/fr\/wp-json\/wp\/v2\/comments?post=43781"}],"version-history":[{"count":4,"href":"https:\/\/www.nagraaudio.com\/fr\/wp-json\/wp\/v2\/pages\/43781\/revisions"}],"predecessor-version":[{"id":43812,"href":"https:\/\/www.nagraaudio.com\/fr\/wp-json\/wp\/v2\/pages\/43781\/revisions\/43812"}],"up":[{"embeddable":true,"href":"https:\/\/www.nagraaudio.com\/fr\/wp-json\/wp\/v2\/pages\/4793"}],"wp:attachment":[{"href":"https:\/\/www.nagraaudio.com\/fr\/wp-json\/wp\/v2\/media?parent=43781"}],"curies":[{"name":"wp","href":"https:\/\/api.w.org\/{rel}","templated":true}]}}