{"id":3735,"date":"2019-11-18T16:59:19","date_gmt":"2019-11-18T15:59:19","guid":{"rendered":"https:\/\/www.nagraaudio.com\/videos\/"},"modified":"2023-09-14T12:57:24","modified_gmt":"2023-09-14T10:57:24","slug":"videos","status":"publish","type":"page","link":"https:\/\/www.nagraaudio.com\/fr\/videos\/","title":{"rendered":"VID\u00c9OS"},"content":{"rendered":"","protected":false},"excerpt":{"rendered":"","protected":false},"author":1,"featured_media":0,"parent":0,"menu_order":261,"comment_status":"closed","ping_status":"closed","template":"","meta":{"_acf_changed":false,"footnotes":""},"class_list":["post-3735","page","type-page","status-publish","hentry"],"acf":[],"yoast_head":"<!-- This site is optimized with the Yoast SEO plugin v27.4 - https:\/\/yoast.com\/product\/yoast-seo-wordpress\/ -->\n<title>VID\u00c9OS - Nagra<\/title>\n<meta name=\"description\" content=\"Voici une s\u00e9lection de nos meilleures vid\u00e9os. T\u00e9moignages, Meet the expert, vid\u00e9os de salons, d&#039;\u00e9v\u00e9nements ou de produits. Visitez \u00e9galement notre cha\u00eene YouTube\" \/>\n<meta name=\"robots\" content=\"noindex, follow\" \/>\n<meta property=\"og:locale\" content=\"fr_FR\" \/>\n<meta property=\"og:type\" content=\"article\" \/>\n<meta property=\"og:title\" content=\"VID\u00c9OS - Nagra\" \/>\n<meta property=\"og:description\" content=\"Voici une s\u00e9lection de nos meilleures vid\u00e9os. T\u00e9moignages, Meet the expert, vid\u00e9os de salons, d&#039;\u00e9v\u00e9nements ou de produits. Visitez \u00e9galement notre cha\u00eene YouTube\" \/>\n<meta property=\"og:url\" content=\"https:\/\/www.nagraaudio.com\/fr\/videos\/\" \/>\n<meta property=\"og:site_name\" content=\"Nagra\" \/>\n<meta property=\"article:publisher\" content=\"https:\/\/www.facebook.com\/nagraaudio\/\" \/>\n<meta property=\"article:modified_time\" content=\"2023-09-14T10:57:24+00:00\" \/>\n<meta name=\"twitter:card\" content=\"summary_large_image\" \/>\n<meta name=\"twitter:site\" content=\"@NAGRAAudio\" \/>\n<script type=\"application\/ld+json\" class=\"yoast-schema-graph\">{\"@context\":\"https:\\\/\\\/schema.org\",\"@graph\":[{\"@type\":\"WebPage\",\"@id\":\"https:\\\/\\\/www.nagraaudio.com\\\/fr\\\/videos\\\/\",\"url\":\"https:\\\/\\\/www.nagraaudio.com\\\/fr\\\/videos\\\/\",\"name\":\"VID\u00c9OS - Nagra\",\"isPartOf\":{\"@id\":\"https:\\\/\\\/www.nagraaudio.com\\\/fr\\\/#website\"},\"datePublished\":\"2019-11-18T15:59:19+00:00\",\"dateModified\":\"2023-09-14T10:57:24+00:00\",\"description\":\"Voici une s\u00e9lection de nos meilleures vid\u00e9os. T\u00e9moignages, Meet the expert, vid\u00e9os de salons, d'\u00e9v\u00e9nements ou de produits. Visitez \u00e9galement notre cha\u00eene YouTube\",\"breadcrumb\":{\"@id\":\"https:\\\/\\\/www.nagraaudio.com\\\/fr\\\/videos\\\/#breadcrumb\"},\"inLanguage\":\"fr-FR\",\"potentialAction\":[{\"@type\":\"ReadAction\",\"target\":[\"https:\\\/\\\/www.nagraaudio.com\\\/fr\\\/videos\\\/\"]}]},{\"@type\":\"BreadcrumbList\",\"@id\":\"https:\\\/\\\/www.nagraaudio.com\\\/fr\\\/videos\\\/#breadcrumb\",\"itemListElement\":[{\"@type\":\"ListItem\",\"position\":1,\"name\":\"Home\",\"item\":\"https:\\\/\\\/www.nagraaudio.com\\\/fr\\\/\"},{\"@type\":\"ListItem\",\"position\":2,\"name\":\"VID\u00c9OS\"}]},{\"@type\":\"WebSite\",\"@id\":\"https:\\\/\\\/www.nagraaudio.com\\\/fr\\\/#website\",\"url\":\"https:\\\/\\\/www.nagraaudio.com\\\/fr\\\/\",\"name\":\"Nagra\",\"description\":\"Professional Audio and High End Hifi\",\"potentialAction\":[{\"@type\":\"SearchAction\",\"target\":{\"@type\":\"EntryPoint\",\"urlTemplate\":\"https:\\\/\\\/www.nagraaudio.com\\\/fr\\\/?s={search_term_string}\"},\"query-input\":{\"@type\":\"PropertyValueSpecification\",\"valueRequired\":true,\"valueName\":\"search_term_string\"}}],\"inLanguage\":\"fr-FR\"}]}<\/script>\n<!-- \/ Yoast SEO plugin. -->","yoast_head_json":{"title":"VID\u00c9OS - Nagra","description":"Voici une s\u00e9lection de nos meilleures vid\u00e9os. T\u00e9moignages, Meet the expert, vid\u00e9os de salons, d'\u00e9v\u00e9nements ou de produits. Visitez \u00e9galement notre cha\u00eene YouTube","robots":{"index":"noindex","follow":"follow"},"og_locale":"fr_FR","og_type":"article","og_title":"VID\u00c9OS - Nagra","og_description":"Voici une s\u00e9lection de nos meilleures vid\u00e9os. T\u00e9moignages, Meet the expert, vid\u00e9os de salons, d'\u00e9v\u00e9nements ou de produits. Visitez \u00e9galement notre cha\u00eene YouTube","og_url":"https:\/\/www.nagraaudio.com\/fr\/videos\/","og_site_name":"Nagra","article_publisher":"https:\/\/www.facebook.com\/nagraaudio\/","article_modified_time":"2023-09-14T10:57:24+00:00","twitter_card":"summary_large_image","twitter_site":"@NAGRAAudio","schema":{"@context":"https:\/\/schema.org","@graph":[{"@type":"WebPage","@id":"https:\/\/www.nagraaudio.com\/fr\/videos\/","url":"https:\/\/www.nagraaudio.com\/fr\/videos\/","name":"VID\u00c9OS - Nagra","isPartOf":{"@id":"https:\/\/www.nagraaudio.com\/fr\/#website"},"datePublished":"2019-11-18T15:59:19+00:00","dateModified":"2023-09-14T10:57:24+00:00","description":"Voici une s\u00e9lection de nos meilleures vid\u00e9os. T\u00e9moignages, Meet the expert, vid\u00e9os de salons, d'\u00e9v\u00e9nements ou de produits. Visitez \u00e9galement notre cha\u00eene YouTube","breadcrumb":{"@id":"https:\/\/www.nagraaudio.com\/fr\/videos\/#breadcrumb"},"inLanguage":"fr-FR","potentialAction":[{"@type":"ReadAction","target":["https:\/\/www.nagraaudio.com\/fr\/videos\/"]}]},{"@type":"BreadcrumbList","@id":"https:\/\/www.nagraaudio.com\/fr\/videos\/#breadcrumb","itemListElement":[{"@type":"ListItem","position":1,"name":"Home","item":"https:\/\/www.nagraaudio.com\/fr\/"},{"@type":"ListItem","position":2,"name":"VID\u00c9OS"}]},{"@type":"WebSite","@id":"https:\/\/www.nagraaudio.com\/fr\/#website","url":"https:\/\/www.nagraaudio.com\/fr\/","name":"Nagra","description":"Professional Audio and High End Hifi","potentialAction":[{"@type":"SearchAction","target":{"@type":"EntryPoint","urlTemplate":"https:\/\/www.nagraaudio.com\/fr\/?s={search_term_string}"},"query-input":{"@type":"PropertyValueSpecification","valueRequired":true,"valueName":"search_term_string"}}],"inLanguage":"fr-FR"}]}},"_links":{"self":[{"href":"https:\/\/www.nagraaudio.com\/fr\/wp-json\/wp\/v2\/pages\/3735","targetHints":{"allow":["GET"]}}],"collection":[{"href":"https:\/\/www.nagraaudio.com\/fr\/wp-json\/wp\/v2\/pages"}],"about":[{"href":"https:\/\/www.nagraaudio.com\/fr\/wp-json\/wp\/v2\/types\/page"}],"author":[{"embeddable":true,"href":"https:\/\/www.nagraaudio.com\/fr\/wp-json\/wp\/v2\/users\/1"}],"replies":[{"embeddable":true,"href":"https:\/\/www.nagraaudio.com\/fr\/wp-json\/wp\/v2\/comments?post=3735"}],"version-history":[{"count":0,"href":"https:\/\/www.nagraaudio.com\/fr\/wp-json\/wp\/v2\/pages\/3735\/revisions"}],"wp:attachment":[{"href":"https:\/\/www.nagraaudio.com\/fr\/wp-json\/wp\/v2\/media?parent=3735"}],"curies":[{"name":"wp","href":"https:\/\/api.w.org\/{rel}","templated":true}]}}