{"id":26458,"date":"2018-12-20T09:09:57","date_gmt":"2018-12-20T08:09:57","guid":{"rendered":"https:\/\/www.nagraaudio.com\/the-recorders-collection\/"},"modified":"2026-01-13T10:39:26","modified_gmt":"2026-01-13T09:39:26","slug":"pro-audio","status":"publish","type":"page","link":"https:\/\/www.nagraaudio.com\/fr\/pro-audio\/","title":{"rendered":"Pro Audio"},"content":{"rendered":"","protected":false},"excerpt":{"rendered":"","protected":false},"author":1,"featured_media":0,"parent":0,"menu_order":364,"comment_status":"closed","ping_status":"closed","template":"","meta":{"_acf_changed":false,"footnotes":""},"class_list":["post-26458","page","type-page","status-publish","hentry"],"acf":[],"yoast_head":"<!-- This site is optimized with the Yoast SEO plugin v27.3 - https:\/\/yoast.com\/product\/yoast-seo-wordpress\/ -->\n<title>Pro Audio - Nagra<\/title>\n<meta name=\"description\" content=\"Nagra est toujours au top et propose des enregistreurs et des casques d&#039;\u00e9coute con\u00e7us pour obtenir le meilleur r\u00e9sultat sonore possible.\" \/>\n<meta name=\"robots\" content=\"index, follow, max-snippet:-1, max-image-preview:large, max-video-preview:-1\" \/>\n<link rel=\"canonical\" href=\"https:\/\/www.nagraaudio.com\/fr\/pro-audio\/\" \/>\n<meta property=\"og:locale\" content=\"fr_FR\" \/>\n<meta property=\"og:type\" content=\"article\" \/>\n<meta property=\"og:title\" content=\"Pro Audio - Nagra\" \/>\n<meta property=\"og:description\" content=\"Nagra est toujours au top et propose des enregistreurs et des casques d&#039;\u00e9coute con\u00e7us pour obtenir le meilleur r\u00e9sultat sonore possible.\" \/>\n<meta property=\"og:url\" content=\"https:\/\/www.nagraaudio.com\/fr\/pro-audio\/\" \/>\n<meta property=\"og:site_name\" content=\"Nagra\" \/>\n<meta property=\"article:publisher\" content=\"https:\/\/www.facebook.com\/nagraaudio\/\" \/>\n<meta property=\"article:modified_time\" content=\"2026-01-13T09:39:26+00:00\" \/>\n<meta name=\"twitter:card\" content=\"summary_large_image\" \/>\n<meta name=\"twitter:site\" content=\"@NAGRAAudio\" \/>\n<script type=\"application\/ld+json\" class=\"yoast-schema-graph\">{\"@context\":\"https:\\\/\\\/schema.org\",\"@graph\":[{\"@type\":\"WebPage\",\"@id\":\"https:\\\/\\\/www.nagraaudio.com\\\/fr\\\/pro-audio\\\/\",\"url\":\"https:\\\/\\\/www.nagraaudio.com\\\/fr\\\/pro-audio\\\/\",\"name\":\"Pro Audio - Nagra\",\"isPartOf\":{\"@id\":\"https:\\\/\\\/www.nagraaudio.com\\\/fr\\\/#website\"},\"datePublished\":\"2018-12-20T08:09:57+00:00\",\"dateModified\":\"2026-01-13T09:39:26+00:00\",\"description\":\"Nagra est toujours au top et propose des enregistreurs et des casques d'\u00e9coute con\u00e7us pour obtenir le meilleur r\u00e9sultat sonore possible.\",\"breadcrumb\":{\"@id\":\"https:\\\/\\\/www.nagraaudio.com\\\/fr\\\/pro-audio\\\/#breadcrumb\"},\"inLanguage\":\"fr-FR\",\"potentialAction\":[{\"@type\":\"ReadAction\",\"target\":[\"https:\\\/\\\/www.nagraaudio.com\\\/fr\\\/pro-audio\\\/\"]}]},{\"@type\":\"BreadcrumbList\",\"@id\":\"https:\\\/\\\/www.nagraaudio.com\\\/fr\\\/pro-audio\\\/#breadcrumb\",\"itemListElement\":[{\"@type\":\"ListItem\",\"position\":1,\"name\":\"Home\",\"item\":\"https:\\\/\\\/www.nagraaudio.com\\\/fr\\\/\"},{\"@type\":\"ListItem\",\"position\":2,\"name\":\"Pro Audio\"}]},{\"@type\":\"WebSite\",\"@id\":\"https:\\\/\\\/www.nagraaudio.com\\\/fr\\\/#website\",\"url\":\"https:\\\/\\\/www.nagraaudio.com\\\/fr\\\/\",\"name\":\"Nagra\",\"description\":\"Professional Audio and High End Hifi\",\"potentialAction\":[{\"@type\":\"SearchAction\",\"target\":{\"@type\":\"EntryPoint\",\"urlTemplate\":\"https:\\\/\\\/www.nagraaudio.com\\\/fr\\\/?s={search_term_string}\"},\"query-input\":{\"@type\":\"PropertyValueSpecification\",\"valueRequired\":true,\"valueName\":\"search_term_string\"}}],\"inLanguage\":\"fr-FR\"}]}<\/script>\n<!-- \/ Yoast SEO plugin. -->","yoast_head_json":{"title":"Pro Audio - Nagra","description":"Nagra est toujours au top et propose des enregistreurs et des casques d'\u00e9coute con\u00e7us pour obtenir le meilleur r\u00e9sultat sonore possible.","robots":{"index":"index","follow":"follow","max-snippet":"max-snippet:-1","max-image-preview":"max-image-preview:large","max-video-preview":"max-video-preview:-1"},"canonical":"https:\/\/www.nagraaudio.com\/fr\/pro-audio\/","og_locale":"fr_FR","og_type":"article","og_title":"Pro Audio - Nagra","og_description":"Nagra est toujours au top et propose des enregistreurs et des casques d'\u00e9coute con\u00e7us pour obtenir le meilleur r\u00e9sultat sonore possible.","og_url":"https:\/\/www.nagraaudio.com\/fr\/pro-audio\/","og_site_name":"Nagra","article_publisher":"https:\/\/www.facebook.com\/nagraaudio\/","article_modified_time":"2026-01-13T09:39:26+00:00","twitter_card":"summary_large_image","twitter_site":"@NAGRAAudio","schema":{"@context":"https:\/\/schema.org","@graph":[{"@type":"WebPage","@id":"https:\/\/www.nagraaudio.com\/fr\/pro-audio\/","url":"https:\/\/www.nagraaudio.com\/fr\/pro-audio\/","name":"Pro Audio - Nagra","isPartOf":{"@id":"https:\/\/www.nagraaudio.com\/fr\/#website"},"datePublished":"2018-12-20T08:09:57+00:00","dateModified":"2026-01-13T09:39:26+00:00","description":"Nagra est toujours au top et propose des enregistreurs et des casques d'\u00e9coute con\u00e7us pour obtenir le meilleur r\u00e9sultat sonore possible.","breadcrumb":{"@id":"https:\/\/www.nagraaudio.com\/fr\/pro-audio\/#breadcrumb"},"inLanguage":"fr-FR","potentialAction":[{"@type":"ReadAction","target":["https:\/\/www.nagraaudio.com\/fr\/pro-audio\/"]}]},{"@type":"BreadcrumbList","@id":"https:\/\/www.nagraaudio.com\/fr\/pro-audio\/#breadcrumb","itemListElement":[{"@type":"ListItem","position":1,"name":"Home","item":"https:\/\/www.nagraaudio.com\/fr\/"},{"@type":"ListItem","position":2,"name":"Pro Audio"}]},{"@type":"WebSite","@id":"https:\/\/www.nagraaudio.com\/fr\/#website","url":"https:\/\/www.nagraaudio.com\/fr\/","name":"Nagra","description":"Professional Audio and High End Hifi","potentialAction":[{"@type":"SearchAction","target":{"@type":"EntryPoint","urlTemplate":"https:\/\/www.nagraaudio.com\/fr\/?s={search_term_string}"},"query-input":{"@type":"PropertyValueSpecification","valueRequired":true,"valueName":"search_term_string"}}],"inLanguage":"fr-FR"}]}},"_links":{"self":[{"href":"https:\/\/www.nagraaudio.com\/fr\/wp-json\/wp\/v2\/pages\/26458","targetHints":{"allow":["GET"]}}],"collection":[{"href":"https:\/\/www.nagraaudio.com\/fr\/wp-json\/wp\/v2\/pages"}],"about":[{"href":"https:\/\/www.nagraaudio.com\/fr\/wp-json\/wp\/v2\/types\/page"}],"author":[{"embeddable":true,"href":"https:\/\/www.nagraaudio.com\/fr\/wp-json\/wp\/v2\/users\/1"}],"replies":[{"embeddable":true,"href":"https:\/\/www.nagraaudio.com\/fr\/wp-json\/wp\/v2\/comments?post=26458"}],"version-history":[{"count":1,"href":"https:\/\/www.nagraaudio.com\/fr\/wp-json\/wp\/v2\/pages\/26458\/revisions"}],"predecessor-version":[{"id":43620,"href":"https:\/\/www.nagraaudio.com\/fr\/wp-json\/wp\/v2\/pages\/26458\/revisions\/43620"}],"wp:attachment":[{"href":"https:\/\/www.nagraaudio.com\/fr\/wp-json\/wp\/v2\/media?parent=26458"}],"curies":[{"name":"wp","href":"https:\/\/api.w.org\/{rel}","templated":true}]}}