{"id":43785,"date":"2026-01-20T15:44:43","date_gmt":"2026-01-20T14:44:43","guid":{"rendered":"https:\/\/www.nagraaudio.com\/?page_id=43785"},"modified":"2026-01-26T10:33:56","modified_gmt":"2026-01-26T09:33:56","slug":"la-serie-ii","status":"publish","type":"page","link":"https:\/\/www.nagraaudio.com\/es\/la-coleccion-de-gama-alta\/la-serie-ii\/","title":{"rendered":"La Serie II"},"content":{"rendered":"","protected":false},"excerpt":{"rendered":"","protected":false},"author":2,"featured_media":0,"parent":21515,"menu_order":304,"comment_status":"closed","ping_status":"closed","template":"","meta":{"_acf_changed":false,"footnotes":""},"class_list":["post-43785","page","type-page","status-publish","hentry"],"acf":[],"yoast_head":"<!-- This site is optimized with the Yoast SEO plugin v27.4 - https:\/\/yoast.com\/product\/yoast-seo-wordpress\/ -->\n<title>NAGRA Serie II | Preamplificador<\/title>\n<meta name=\"description\" content=\"La Serie II encarna la precisi\u00f3n suiza y la pureza del sonido, ofreciendo un dise\u00f1o atemporal, un rendimiento de nivel de referencia y una experiencia auditiva sin concesiones para los audi\u00f3filos.\" \/>\n<meta name=\"robots\" content=\"index, follow, max-snippet:-1, max-image-preview:large, max-video-preview:-1\" \/>\n<link rel=\"canonical\" href=\"https:\/\/www.nagraaudio.com\/es\/la-coleccion-de-gama-alta\/la-serie-ii\/\" \/>\n<meta property=\"og:locale\" content=\"es_ES\" \/>\n<meta property=\"og:type\" content=\"article\" \/>\n<meta property=\"og:title\" content=\"NAGRA Serie II | Preamplificador\" \/>\n<meta property=\"og:description\" content=\"La Serie II encarna la precisi\u00f3n suiza y la pureza del sonido, ofreciendo un dise\u00f1o atemporal, un rendimiento de nivel de referencia y una experiencia auditiva sin concesiones para los audi\u00f3filos.\" \/>\n<meta property=\"og:url\" content=\"https:\/\/www.nagraaudio.com\/es\/la-coleccion-de-gama-alta\/la-serie-ii\/\" \/>\n<meta property=\"og:site_name\" content=\"Nagra\" \/>\n<meta property=\"article:publisher\" content=\"https:\/\/www.facebook.com\/nagraaudio\/\" \/>\n<meta property=\"article:modified_time\" content=\"2026-01-26T09:33:56+00:00\" \/>\n<meta name=\"twitter:card\" content=\"summary_large_image\" \/>\n<meta name=\"twitter:site\" content=\"@NAGRAAudio\" \/>\n<script type=\"application\/ld+json\" class=\"yoast-schema-graph\">{\"@context\":\"https:\\\/\\\/schema.org\",\"@graph\":[{\"@type\":\"WebPage\",\"@id\":\"https:\\\/\\\/www.nagraaudio.com\\\/es\\\/la-coleccion-de-gama-alta\\\/la-serie-ii\\\/\",\"url\":\"https:\\\/\\\/www.nagraaudio.com\\\/es\\\/la-coleccion-de-gama-alta\\\/la-serie-ii\\\/\",\"name\":\"NAGRA Serie II | Preamplificador\",\"isPartOf\":{\"@id\":\"https:\\\/\\\/www.nagraaudio.com\\\/es\\\/#website\"},\"datePublished\":\"2026-01-20T14:44:43+00:00\",\"dateModified\":\"2026-01-26T09:33:56+00:00\",\"description\":\"La Serie II encarna la precisi\u00f3n suiza y la pureza del sonido, ofreciendo un dise\u00f1o atemporal, un rendimiento de nivel de referencia y una experiencia auditiva sin concesiones para los audi\u00f3filos.\",\"breadcrumb\":{\"@id\":\"https:\\\/\\\/www.nagraaudio.com\\\/es\\\/la-coleccion-de-gama-alta\\\/la-serie-ii\\\/#breadcrumb\"},\"inLanguage\":\"es\",\"potentialAction\":[{\"@type\":\"ReadAction\",\"target\":[\"https:\\\/\\\/www.nagraaudio.com\\\/es\\\/la-coleccion-de-gama-alta\\\/la-serie-ii\\\/\"]}]},{\"@type\":\"BreadcrumbList\",\"@id\":\"https:\\\/\\\/www.nagraaudio.com\\\/es\\\/la-coleccion-de-gama-alta\\\/la-serie-ii\\\/#breadcrumb\",\"itemListElement\":[{\"@type\":\"ListItem\",\"position\":1,\"name\":\"Home\",\"item\":\"https:\\\/\\\/www.nagraaudio.com\\\/es\\\/\"},{\"@type\":\"ListItem\",\"position\":2,\"name\":\"La colecci\u00f3n de gama alta\",\"item\":\"https:\\\/\\\/www.nagraaudio.com\\\/es\\\/la-coleccion-de-gama-alta\\\/\"},{\"@type\":\"ListItem\",\"position\":3,\"name\":\"La Serie II\"}]},{\"@type\":\"WebSite\",\"@id\":\"https:\\\/\\\/www.nagraaudio.com\\\/es\\\/#website\",\"url\":\"https:\\\/\\\/www.nagraaudio.com\\\/es\\\/\",\"name\":\"Nagra\",\"description\":\"Professional Audio and High End Hifi\",\"potentialAction\":[{\"@type\":\"SearchAction\",\"target\":{\"@type\":\"EntryPoint\",\"urlTemplate\":\"https:\\\/\\\/www.nagraaudio.com\\\/es\\\/?s={search_term_string}\"},\"query-input\":{\"@type\":\"PropertyValueSpecification\",\"valueRequired\":true,\"valueName\":\"search_term_string\"}}],\"inLanguage\":\"es\"}]}<\/script>\n<!-- \/ Yoast SEO plugin. -->","yoast_head_json":{"title":"NAGRA Serie II | Preamplificador","description":"La Serie II encarna la precisi\u00f3n suiza y la pureza del sonido, ofreciendo un dise\u00f1o atemporal, un rendimiento de nivel de referencia y una experiencia auditiva sin concesiones para los audi\u00f3filos.","robots":{"index":"index","follow":"follow","max-snippet":"max-snippet:-1","max-image-preview":"max-image-preview:large","max-video-preview":"max-video-preview:-1"},"canonical":"https:\/\/www.nagraaudio.com\/es\/la-coleccion-de-gama-alta\/la-serie-ii\/","og_locale":"es_ES","og_type":"article","og_title":"NAGRA Serie II | Preamplificador","og_description":"La Serie II encarna la precisi\u00f3n suiza y la pureza del sonido, ofreciendo un dise\u00f1o atemporal, un rendimiento de nivel de referencia y una experiencia auditiva sin concesiones para los audi\u00f3filos.","og_url":"https:\/\/www.nagraaudio.com\/es\/la-coleccion-de-gama-alta\/la-serie-ii\/","og_site_name":"Nagra","article_publisher":"https:\/\/www.facebook.com\/nagraaudio\/","article_modified_time":"2026-01-26T09:33:56+00:00","twitter_card":"summary_large_image","twitter_site":"@NAGRAAudio","schema":{"@context":"https:\/\/schema.org","@graph":[{"@type":"WebPage","@id":"https:\/\/www.nagraaudio.com\/es\/la-coleccion-de-gama-alta\/la-serie-ii\/","url":"https:\/\/www.nagraaudio.com\/es\/la-coleccion-de-gama-alta\/la-serie-ii\/","name":"NAGRA Serie II | Preamplificador","isPartOf":{"@id":"https:\/\/www.nagraaudio.com\/es\/#website"},"datePublished":"2026-01-20T14:44:43+00:00","dateModified":"2026-01-26T09:33:56+00:00","description":"La Serie II encarna la precisi\u00f3n suiza y la pureza del sonido, ofreciendo un dise\u00f1o atemporal, un rendimiento de nivel de referencia y una experiencia auditiva sin concesiones para los audi\u00f3filos.","breadcrumb":{"@id":"https:\/\/www.nagraaudio.com\/es\/la-coleccion-de-gama-alta\/la-serie-ii\/#breadcrumb"},"inLanguage":"es","potentialAction":[{"@type":"ReadAction","target":["https:\/\/www.nagraaudio.com\/es\/la-coleccion-de-gama-alta\/la-serie-ii\/"]}]},{"@type":"BreadcrumbList","@id":"https:\/\/www.nagraaudio.com\/es\/la-coleccion-de-gama-alta\/la-serie-ii\/#breadcrumb","itemListElement":[{"@type":"ListItem","position":1,"name":"Home","item":"https:\/\/www.nagraaudio.com\/es\/"},{"@type":"ListItem","position":2,"name":"La colecci\u00f3n de gama alta","item":"https:\/\/www.nagraaudio.com\/es\/la-coleccion-de-gama-alta\/"},{"@type":"ListItem","position":3,"name":"La Serie II"}]},{"@type":"WebSite","@id":"https:\/\/www.nagraaudio.com\/es\/#website","url":"https:\/\/www.nagraaudio.com\/es\/","name":"Nagra","description":"Professional Audio and High End Hifi","potentialAction":[{"@type":"SearchAction","target":{"@type":"EntryPoint","urlTemplate":"https:\/\/www.nagraaudio.com\/es\/?s={search_term_string}"},"query-input":{"@type":"PropertyValueSpecification","valueRequired":true,"valueName":"search_term_string"}}],"inLanguage":"es"}]}},"_links":{"self":[{"href":"https:\/\/www.nagraaudio.com\/es\/wp-json\/wp\/v2\/pages\/43785","targetHints":{"allow":["GET"]}}],"collection":[{"href":"https:\/\/www.nagraaudio.com\/es\/wp-json\/wp\/v2\/pages"}],"about":[{"href":"https:\/\/www.nagraaudio.com\/es\/wp-json\/wp\/v2\/types\/page"}],"author":[{"embeddable":true,"href":"https:\/\/www.nagraaudio.com\/es\/wp-json\/wp\/v2\/users\/2"}],"replies":[{"embeddable":true,"href":"https:\/\/www.nagraaudio.com\/es\/wp-json\/wp\/v2\/comments?post=43785"}],"version-history":[{"count":3,"href":"https:\/\/www.nagraaudio.com\/es\/wp-json\/wp\/v2\/pages\/43785\/revisions"}],"predecessor-version":[{"id":43809,"href":"https:\/\/www.nagraaudio.com\/es\/wp-json\/wp\/v2\/pages\/43785\/revisions\/43809"}],"up":[{"embeddable":true,"href":"https:\/\/www.nagraaudio.com\/es\/wp-json\/wp\/v2\/pages\/21515"}],"wp:attachment":[{"href":"https:\/\/www.nagraaudio.com\/es\/wp-json\/wp\/v2\/media?parent=43785"}],"curies":[{"name":"wp","href":"https:\/\/api.w.org\/{rel}","templated":true}]}}