{"id":41262,"date":"2025-03-24T16:29:10","date_gmt":"2025-03-24T15:29:10","guid":{"rendered":"https:\/\/www.nagraaudio.com\/la-coleccion-de-gama-alta\/the-compact-line\/"},"modified":"2025-10-03T16:04:21","modified_gmt":"2025-10-03T14:04:21","slug":"linea-compact","status":"publish","type":"page","link":"https:\/\/www.nagraaudio.com\/es\/la-coleccion-de-gama-alta\/linea-compact\/","title":{"rendered":"La l\u00ednea Compact"},"content":{"rendered":"","protected":false},"excerpt":{"rendered":"","protected":false},"author":1,"featured_media":0,"parent":21515,"menu_order":283,"comment_status":"closed","ping_status":"closed","template":"","meta":{"_acf_changed":false,"footnotes":""},"class_list":["post-41262","page","type-page","status-publish","hentry"],"acf":[],"yoast_head":"<!-- This site is optimized with the Yoast SEO plugin v27.6 - https:\/\/yoast.com\/product\/yoast-seo-wordpress\/ -->\n<title>L\u00ednea Compact NAGRA | Streamer &amp; Phono stage<\/title>\n<meta name=\"description\" content=\"La l\u00ednea Compact est\u00e1 dise\u00f1ada para ser el primer paso de los mel\u00f3manos en el mundo Nagra.\" \/>\n<meta name=\"robots\" content=\"index, follow, max-snippet:-1, max-image-preview:large, max-video-preview:-1\" \/>\n<link rel=\"canonical\" href=\"https:\/\/www.nagraaudio.com\/es\/la-coleccion-de-gama-alta\/linea-compact\/\" \/>\n<meta property=\"og:locale\" content=\"es_ES\" \/>\n<meta property=\"og:type\" content=\"article\" \/>\n<meta property=\"og:title\" content=\"L\u00ednea Compact NAGRA | Streamer &amp; Phono stage\" \/>\n<meta property=\"og:description\" content=\"La l\u00ednea Compact est\u00e1 dise\u00f1ada para ser el primer paso de los mel\u00f3manos en el mundo Nagra.\" \/>\n<meta property=\"og:url\" content=\"https:\/\/www.nagraaudio.com\/es\/la-coleccion-de-gama-alta\/linea-compact\/\" \/>\n<meta property=\"og:site_name\" content=\"Nagra\" \/>\n<meta property=\"article:publisher\" content=\"https:\/\/www.facebook.com\/nagraaudio\/\" \/>\n<meta property=\"article:modified_time\" content=\"2025-10-03T14:04:21+00:00\" \/>\n<meta name=\"twitter:card\" content=\"summary_large_image\" \/>\n<meta name=\"twitter:site\" content=\"@NAGRAAudio\" \/>\n<script type=\"application\/ld+json\" class=\"yoast-schema-graph\">{\"@context\":\"https:\\\/\\\/schema.org\",\"@graph\":[{\"@type\":\"WebPage\",\"@id\":\"https:\\\/\\\/www.nagraaudio.com\\\/es\\\/la-coleccion-de-gama-alta\\\/linea-compact\\\/\",\"url\":\"https:\\\/\\\/www.nagraaudio.com\\\/es\\\/la-coleccion-de-gama-alta\\\/linea-compact\\\/\",\"name\":\"L\u00ednea Compact NAGRA | Streamer & Phono stage\",\"isPartOf\":{\"@id\":\"https:\\\/\\\/www.nagraaudio.com\\\/es\\\/#website\"},\"datePublished\":\"2025-03-24T15:29:10+00:00\",\"dateModified\":\"2025-10-03T14:04:21+00:00\",\"description\":\"La l\u00ednea Compact est\u00e1 dise\u00f1ada para ser el primer paso de los mel\u00f3manos en el mundo Nagra.\",\"breadcrumb\":{\"@id\":\"https:\\\/\\\/www.nagraaudio.com\\\/es\\\/la-coleccion-de-gama-alta\\\/linea-compact\\\/#breadcrumb\"},\"inLanguage\":\"es\",\"potentialAction\":[{\"@type\":\"ReadAction\",\"target\":[\"https:\\\/\\\/www.nagraaudio.com\\\/es\\\/la-coleccion-de-gama-alta\\\/linea-compact\\\/\"]}]},{\"@type\":\"BreadcrumbList\",\"@id\":\"https:\\\/\\\/www.nagraaudio.com\\\/es\\\/la-coleccion-de-gama-alta\\\/linea-compact\\\/#breadcrumb\",\"itemListElement\":[{\"@type\":\"ListItem\",\"position\":1,\"name\":\"Home\",\"item\":\"https:\\\/\\\/www.nagraaudio.com\\\/es\\\/\"},{\"@type\":\"ListItem\",\"position\":2,\"name\":\"La colecci\u00f3n de gama alta\",\"item\":\"https:\\\/\\\/www.nagraaudio.com\\\/es\\\/la-coleccion-de-gama-alta\\\/\"},{\"@type\":\"ListItem\",\"position\":3,\"name\":\"La l\u00ednea Compact\"}]},{\"@type\":\"WebSite\",\"@id\":\"https:\\\/\\\/www.nagraaudio.com\\\/es\\\/#website\",\"url\":\"https:\\\/\\\/www.nagraaudio.com\\\/es\\\/\",\"name\":\"Nagra\",\"description\":\"Professional Audio and High End Hifi\",\"potentialAction\":[{\"@type\":\"SearchAction\",\"target\":{\"@type\":\"EntryPoint\",\"urlTemplate\":\"https:\\\/\\\/www.nagraaudio.com\\\/es\\\/?s={search_term_string}\"},\"query-input\":{\"@type\":\"PropertyValueSpecification\",\"valueRequired\":true,\"valueName\":\"search_term_string\"}}],\"inLanguage\":\"es\"}]}<\/script>\n<!-- \/ Yoast SEO plugin. -->","yoast_head_json":{"title":"L\u00ednea Compact NAGRA | Streamer & Phono stage","description":"La l\u00ednea Compact est\u00e1 dise\u00f1ada para ser el primer paso de los mel\u00f3manos en el mundo Nagra.","robots":{"index":"index","follow":"follow","max-snippet":"max-snippet:-1","max-image-preview":"max-image-preview:large","max-video-preview":"max-video-preview:-1"},"canonical":"https:\/\/www.nagraaudio.com\/es\/la-coleccion-de-gama-alta\/linea-compact\/","og_locale":"es_ES","og_type":"article","og_title":"L\u00ednea Compact NAGRA | Streamer & Phono stage","og_description":"La l\u00ednea Compact est\u00e1 dise\u00f1ada para ser el primer paso de los mel\u00f3manos en el mundo Nagra.","og_url":"https:\/\/www.nagraaudio.com\/es\/la-coleccion-de-gama-alta\/linea-compact\/","og_site_name":"Nagra","article_publisher":"https:\/\/www.facebook.com\/nagraaudio\/","article_modified_time":"2025-10-03T14:04:21+00:00","twitter_card":"summary_large_image","twitter_site":"@NAGRAAudio","schema":{"@context":"https:\/\/schema.org","@graph":[{"@type":"WebPage","@id":"https:\/\/www.nagraaudio.com\/es\/la-coleccion-de-gama-alta\/linea-compact\/","url":"https:\/\/www.nagraaudio.com\/es\/la-coleccion-de-gama-alta\/linea-compact\/","name":"L\u00ednea Compact NAGRA | Streamer & Phono stage","isPartOf":{"@id":"https:\/\/www.nagraaudio.com\/es\/#website"},"datePublished":"2025-03-24T15:29:10+00:00","dateModified":"2025-10-03T14:04:21+00:00","description":"La l\u00ednea Compact est\u00e1 dise\u00f1ada para ser el primer paso de los mel\u00f3manos en el mundo Nagra.","breadcrumb":{"@id":"https:\/\/www.nagraaudio.com\/es\/la-coleccion-de-gama-alta\/linea-compact\/#breadcrumb"},"inLanguage":"es","potentialAction":[{"@type":"ReadAction","target":["https:\/\/www.nagraaudio.com\/es\/la-coleccion-de-gama-alta\/linea-compact\/"]}]},{"@type":"BreadcrumbList","@id":"https:\/\/www.nagraaudio.com\/es\/la-coleccion-de-gama-alta\/linea-compact\/#breadcrumb","itemListElement":[{"@type":"ListItem","position":1,"name":"Home","item":"https:\/\/www.nagraaudio.com\/es\/"},{"@type":"ListItem","position":2,"name":"La colecci\u00f3n de gama alta","item":"https:\/\/www.nagraaudio.com\/es\/la-coleccion-de-gama-alta\/"},{"@type":"ListItem","position":3,"name":"La l\u00ednea Compact"}]},{"@type":"WebSite","@id":"https:\/\/www.nagraaudio.com\/es\/#website","url":"https:\/\/www.nagraaudio.com\/es\/","name":"Nagra","description":"Professional Audio and High End Hifi","potentialAction":[{"@type":"SearchAction","target":{"@type":"EntryPoint","urlTemplate":"https:\/\/www.nagraaudio.com\/es\/?s={search_term_string}"},"query-input":{"@type":"PropertyValueSpecification","valueRequired":true,"valueName":"search_term_string"}}],"inLanguage":"es"}]}},"_links":{"self":[{"href":"https:\/\/www.nagraaudio.com\/es\/wp-json\/wp\/v2\/pages\/41262","targetHints":{"allow":["GET"]}}],"collection":[{"href":"https:\/\/www.nagraaudio.com\/es\/wp-json\/wp\/v2\/pages"}],"about":[{"href":"https:\/\/www.nagraaudio.com\/es\/wp-json\/wp\/v2\/types\/page"}],"author":[{"embeddable":true,"href":"https:\/\/www.nagraaudio.com\/es\/wp-json\/wp\/v2\/users\/1"}],"replies":[{"embeddable":true,"href":"https:\/\/www.nagraaudio.com\/es\/wp-json\/wp\/v2\/comments?post=41262"}],"version-history":[{"count":1,"href":"https:\/\/www.nagraaudio.com\/es\/wp-json\/wp\/v2\/pages\/41262\/revisions"}],"predecessor-version":[{"id":42814,"href":"https:\/\/www.nagraaudio.com\/es\/wp-json\/wp\/v2\/pages\/41262\/revisions\/42814"}],"up":[{"embeddable":true,"href":"https:\/\/www.nagraaudio.com\/es\/wp-json\/wp\/v2\/pages\/21515"}],"wp:attachment":[{"href":"https:\/\/www.nagraaudio.com\/es\/wp-json\/wp\/v2\/media?parent=41262"}],"curies":[{"name":"wp","href":"https:\/\/api.w.org\/{rel}","templated":true}]}}