{"id":21223,"date":"2020-08-19T17:29:39","date_gmt":"2020-08-19T15:29:39","guid":{"rendered":"https:\/\/www.nagraaudio.com\/la-leyenda-continua\/"},"modified":"2023-09-14T12:10:10","modified_gmt":"2023-09-14T10:10:10","slug":"la-leyenda-continua","status":"publish","type":"page","link":"https:\/\/www.nagraaudio.com\/es\/la-leyenda-continua\/","title":{"rendered":"La leyenda contin\u00faa"},"content":{"rendered":"","protected":false},"excerpt":{"rendered":"","protected":false},"author":1,"featured_media":0,"parent":0,"menu_order":419,"comment_status":"closed","ping_status":"closed","template":"","meta":{"_acf_changed":false,"footnotes":""},"class_list":["post-21223","page","type-page","status-publish","hentry"],"acf":[],"yoast_head":"<!-- This site is optimized with the Yoast SEO plugin v27.4 - https:\/\/yoast.com\/product\/yoast-seo-wordpress\/ -->\n<title>La leyenda contin\u00faa - Nagra<\/title>\n<meta name=\"description\" content=\"Nagra y Stefan Kudelski recibieron algunos premios por el logro tecnol\u00f3gico, incluidos los premios Oscar Academy o Emmy. La leyenda contin\u00faa.\" \/>\n<meta name=\"robots\" content=\"index, follow, max-snippet:-1, max-image-preview:large, max-video-preview:-1\" \/>\n<link rel=\"canonical\" href=\"https:\/\/www.nagraaudio.com\/es\/la-leyenda-continua\/\" \/>\n<meta property=\"og:locale\" content=\"es_ES\" \/>\n<meta property=\"og:type\" content=\"article\" \/>\n<meta property=\"og:title\" content=\"La leyenda contin\u00faa - Nagra\" \/>\n<meta property=\"og:description\" content=\"Nagra y Stefan Kudelski recibieron algunos premios por el logro tecnol\u00f3gico, incluidos los premios Oscar Academy o Emmy. La leyenda contin\u00faa.\" \/>\n<meta property=\"og:url\" content=\"https:\/\/www.nagraaudio.com\/es\/la-leyenda-continua\/\" \/>\n<meta property=\"og:site_name\" content=\"Nagra\" \/>\n<meta property=\"article:publisher\" content=\"https:\/\/www.facebook.com\/nagraaudio\/\" \/>\n<meta property=\"article:modified_time\" content=\"2023-09-14T10:10:10+00:00\" \/>\n<meta name=\"twitter:card\" content=\"summary_large_image\" \/>\n<meta name=\"twitter:site\" content=\"@NAGRAAudio\" \/>\n<script type=\"application\/ld+json\" class=\"yoast-schema-graph\">{\"@context\":\"https:\\\/\\\/schema.org\",\"@graph\":[{\"@type\":\"WebPage\",\"@id\":\"https:\\\/\\\/www.nagraaudio.com\\\/es\\\/la-leyenda-continua\\\/\",\"url\":\"https:\\\/\\\/www.nagraaudio.com\\\/es\\\/la-leyenda-continua\\\/\",\"name\":\"La leyenda contin\u00faa - Nagra\",\"isPartOf\":{\"@id\":\"https:\\\/\\\/www.nagraaudio.com\\\/es\\\/#website\"},\"datePublished\":\"2020-08-19T15:29:39+00:00\",\"dateModified\":\"2023-09-14T10:10:10+00:00\",\"description\":\"Nagra y Stefan Kudelski recibieron algunos premios por el logro tecnol\u00f3gico, incluidos los premios Oscar Academy o Emmy. La leyenda contin\u00faa.\",\"breadcrumb\":{\"@id\":\"https:\\\/\\\/www.nagraaudio.com\\\/es\\\/la-leyenda-continua\\\/#breadcrumb\"},\"inLanguage\":\"es\",\"potentialAction\":[{\"@type\":\"ReadAction\",\"target\":[\"https:\\\/\\\/www.nagraaudio.com\\\/es\\\/la-leyenda-continua\\\/\"]}]},{\"@type\":\"BreadcrumbList\",\"@id\":\"https:\\\/\\\/www.nagraaudio.com\\\/es\\\/la-leyenda-continua\\\/#breadcrumb\",\"itemListElement\":[{\"@type\":\"ListItem\",\"position\":1,\"name\":\"Home\",\"item\":\"https:\\\/\\\/www.nagraaudio.com\\\/es\\\/\"},{\"@type\":\"ListItem\",\"position\":2,\"name\":\"La leyenda contin\u00faa\"}]},{\"@type\":\"WebSite\",\"@id\":\"https:\\\/\\\/www.nagraaudio.com\\\/es\\\/#website\",\"url\":\"https:\\\/\\\/www.nagraaudio.com\\\/es\\\/\",\"name\":\"Nagra\",\"description\":\"Professional Audio and High End Hifi\",\"potentialAction\":[{\"@type\":\"SearchAction\",\"target\":{\"@type\":\"EntryPoint\",\"urlTemplate\":\"https:\\\/\\\/www.nagraaudio.com\\\/es\\\/?s={search_term_string}\"},\"query-input\":{\"@type\":\"PropertyValueSpecification\",\"valueRequired\":true,\"valueName\":\"search_term_string\"}}],\"inLanguage\":\"es\"}]}<\/script>\n<!-- \/ Yoast SEO plugin. -->","yoast_head_json":{"title":"La leyenda contin\u00faa - Nagra","description":"Nagra y Stefan Kudelski recibieron algunos premios por el logro tecnol\u00f3gico, incluidos los premios Oscar Academy o Emmy. La leyenda contin\u00faa.","robots":{"index":"index","follow":"follow","max-snippet":"max-snippet:-1","max-image-preview":"max-image-preview:large","max-video-preview":"max-video-preview:-1"},"canonical":"https:\/\/www.nagraaudio.com\/es\/la-leyenda-continua\/","og_locale":"es_ES","og_type":"article","og_title":"La leyenda contin\u00faa - Nagra","og_description":"Nagra y Stefan Kudelski recibieron algunos premios por el logro tecnol\u00f3gico, incluidos los premios Oscar Academy o Emmy. La leyenda contin\u00faa.","og_url":"https:\/\/www.nagraaudio.com\/es\/la-leyenda-continua\/","og_site_name":"Nagra","article_publisher":"https:\/\/www.facebook.com\/nagraaudio\/","article_modified_time":"2023-09-14T10:10:10+00:00","twitter_card":"summary_large_image","twitter_site":"@NAGRAAudio","schema":{"@context":"https:\/\/schema.org","@graph":[{"@type":"WebPage","@id":"https:\/\/www.nagraaudio.com\/es\/la-leyenda-continua\/","url":"https:\/\/www.nagraaudio.com\/es\/la-leyenda-continua\/","name":"La leyenda contin\u00faa - Nagra","isPartOf":{"@id":"https:\/\/www.nagraaudio.com\/es\/#website"},"datePublished":"2020-08-19T15:29:39+00:00","dateModified":"2023-09-14T10:10:10+00:00","description":"Nagra y Stefan Kudelski recibieron algunos premios por el logro tecnol\u00f3gico, incluidos los premios Oscar Academy o Emmy. La leyenda contin\u00faa.","breadcrumb":{"@id":"https:\/\/www.nagraaudio.com\/es\/la-leyenda-continua\/#breadcrumb"},"inLanguage":"es","potentialAction":[{"@type":"ReadAction","target":["https:\/\/www.nagraaudio.com\/es\/la-leyenda-continua\/"]}]},{"@type":"BreadcrumbList","@id":"https:\/\/www.nagraaudio.com\/es\/la-leyenda-continua\/#breadcrumb","itemListElement":[{"@type":"ListItem","position":1,"name":"Home","item":"https:\/\/www.nagraaudio.com\/es\/"},{"@type":"ListItem","position":2,"name":"La leyenda contin\u00faa"}]},{"@type":"WebSite","@id":"https:\/\/www.nagraaudio.com\/es\/#website","url":"https:\/\/www.nagraaudio.com\/es\/","name":"Nagra","description":"Professional Audio and High End Hifi","potentialAction":[{"@type":"SearchAction","target":{"@type":"EntryPoint","urlTemplate":"https:\/\/www.nagraaudio.com\/es\/?s={search_term_string}"},"query-input":{"@type":"PropertyValueSpecification","valueRequired":true,"valueName":"search_term_string"}}],"inLanguage":"es"}]}},"_links":{"self":[{"href":"https:\/\/www.nagraaudio.com\/es\/wp-json\/wp\/v2\/pages\/21223","targetHints":{"allow":["GET"]}}],"collection":[{"href":"https:\/\/www.nagraaudio.com\/es\/wp-json\/wp\/v2\/pages"}],"about":[{"href":"https:\/\/www.nagraaudio.com\/es\/wp-json\/wp\/v2\/types\/page"}],"author":[{"embeddable":true,"href":"https:\/\/www.nagraaudio.com\/es\/wp-json\/wp\/v2\/users\/1"}],"replies":[{"embeddable":true,"href":"https:\/\/www.nagraaudio.com\/es\/wp-json\/wp\/v2\/comments?post=21223"}],"version-history":[{"count":0,"href":"https:\/\/www.nagraaudio.com\/es\/wp-json\/wp\/v2\/pages\/21223\/revisions"}],"wp:attachment":[{"href":"https:\/\/www.nagraaudio.com\/es\/wp-json\/wp\/v2\/media?parent=21223"}],"curies":[{"name":"wp","href":"https:\/\/api.w.org\/{rel}","templated":true}]}}