{"id":21143,"date":"2020-08-19T17:29:32","date_gmt":"2020-08-19T15:29:32","guid":{"rendered":"https:\/\/www.nagraaudio.com\/videos\/"},"modified":"2023-09-14T12:55:27","modified_gmt":"2023-09-14T10:55:27","slug":"videos","status":"publish","type":"page","link":"https:\/\/www.nagraaudio.com\/es\/videos\/","title":{"rendered":"V\u00cdDEOS"},"content":{"rendered":"","protected":false},"excerpt":{"rendered":"","protected":false},"author":1,"featured_media":0,"parent":0,"menu_order":255,"comment_status":"closed","ping_status":"closed","template":"","meta":{"_acf_changed":false,"footnotes":""},"class_list":["post-21143","page","type-page","status-publish","hentry"],"acf":[],"yoast_head":"<!-- This site is optimized with the Yoast SEO plugin v27.3 - https:\/\/yoast.com\/product\/yoast-seo-wordpress\/ -->\n<title>V\u00cdDEOS - Nagra<\/title>\n<meta name=\"description\" content=\"Aqu\u00ed tienes una selecci\u00f3n de nuestros mejores v\u00eddeos. Testimonios, Conozca al experto, espect\u00e1culos y v\u00eddeos de eventos o productos. Visita tambi\u00e9n nuestro canal de Youtube\" \/>\n<meta name=\"robots\" content=\"noindex, follow\" \/>\n<meta property=\"og:locale\" content=\"es_ES\" \/>\n<meta property=\"og:type\" content=\"article\" \/>\n<meta property=\"og:title\" content=\"V\u00cdDEOS - Nagra\" \/>\n<meta property=\"og:description\" content=\"Aqu\u00ed tienes una selecci\u00f3n de nuestros mejores v\u00eddeos. Testimonios, Conozca al experto, espect\u00e1culos y v\u00eddeos de eventos o productos. Visita tambi\u00e9n nuestro canal de Youtube\" \/>\n<meta property=\"og:url\" content=\"https:\/\/www.nagraaudio.com\/es\/videos\/\" \/>\n<meta property=\"og:site_name\" content=\"Nagra\" \/>\n<meta property=\"article:publisher\" content=\"https:\/\/www.facebook.com\/nagraaudio\/\" \/>\n<meta property=\"article:modified_time\" content=\"2023-09-14T10:55:27+00:00\" \/>\n<meta name=\"twitter:card\" content=\"summary_large_image\" \/>\n<meta name=\"twitter:site\" content=\"@NAGRAAudio\" \/>\n<script type=\"application\/ld+json\" class=\"yoast-schema-graph\">{\"@context\":\"https:\\\/\\\/schema.org\",\"@graph\":[{\"@type\":\"WebPage\",\"@id\":\"https:\\\/\\\/www.nagraaudio.com\\\/es\\\/videos\\\/\",\"url\":\"https:\\\/\\\/www.nagraaudio.com\\\/es\\\/videos\\\/\",\"name\":\"V\u00cdDEOS - Nagra\",\"isPartOf\":{\"@id\":\"https:\\\/\\\/www.nagraaudio.com\\\/es\\\/#website\"},\"datePublished\":\"2020-08-19T15:29:32+00:00\",\"dateModified\":\"2023-09-14T10:55:27+00:00\",\"description\":\"Aqu\u00ed tienes una selecci\u00f3n de nuestros mejores v\u00eddeos. Testimonios, Conozca al experto, espect\u00e1culos y v\u00eddeos de eventos o productos. Visita tambi\u00e9n nuestro canal de Youtube\",\"breadcrumb\":{\"@id\":\"https:\\\/\\\/www.nagraaudio.com\\\/es\\\/videos\\\/#breadcrumb\"},\"inLanguage\":\"es\",\"potentialAction\":[{\"@type\":\"ReadAction\",\"target\":[\"https:\\\/\\\/www.nagraaudio.com\\\/es\\\/videos\\\/\"]}]},{\"@type\":\"BreadcrumbList\",\"@id\":\"https:\\\/\\\/www.nagraaudio.com\\\/es\\\/videos\\\/#breadcrumb\",\"itemListElement\":[{\"@type\":\"ListItem\",\"position\":1,\"name\":\"Home\",\"item\":\"https:\\\/\\\/www.nagraaudio.com\\\/es\\\/\"},{\"@type\":\"ListItem\",\"position\":2,\"name\":\"V\u00cdDEOS\"}]},{\"@type\":\"WebSite\",\"@id\":\"https:\\\/\\\/www.nagraaudio.com\\\/es\\\/#website\",\"url\":\"https:\\\/\\\/www.nagraaudio.com\\\/es\\\/\",\"name\":\"Nagra\",\"description\":\"Professional Audio and High End Hifi\",\"potentialAction\":[{\"@type\":\"SearchAction\",\"target\":{\"@type\":\"EntryPoint\",\"urlTemplate\":\"https:\\\/\\\/www.nagraaudio.com\\\/es\\\/?s={search_term_string}\"},\"query-input\":{\"@type\":\"PropertyValueSpecification\",\"valueRequired\":true,\"valueName\":\"search_term_string\"}}],\"inLanguage\":\"es\"}]}<\/script>\n<!-- \/ Yoast SEO plugin. -->","yoast_head_json":{"title":"V\u00cdDEOS - Nagra","description":"Aqu\u00ed tienes una selecci\u00f3n de nuestros mejores v\u00eddeos. Testimonios, Conozca al experto, espect\u00e1culos y v\u00eddeos de eventos o productos. Visita tambi\u00e9n nuestro canal de Youtube","robots":{"index":"noindex","follow":"follow"},"og_locale":"es_ES","og_type":"article","og_title":"V\u00cdDEOS - Nagra","og_description":"Aqu\u00ed tienes una selecci\u00f3n de nuestros mejores v\u00eddeos. Testimonios, Conozca al experto, espect\u00e1culos y v\u00eddeos de eventos o productos. Visita tambi\u00e9n nuestro canal de Youtube","og_url":"https:\/\/www.nagraaudio.com\/es\/videos\/","og_site_name":"Nagra","article_publisher":"https:\/\/www.facebook.com\/nagraaudio\/","article_modified_time":"2023-09-14T10:55:27+00:00","twitter_card":"summary_large_image","twitter_site":"@NAGRAAudio","schema":{"@context":"https:\/\/schema.org","@graph":[{"@type":"WebPage","@id":"https:\/\/www.nagraaudio.com\/es\/videos\/","url":"https:\/\/www.nagraaudio.com\/es\/videos\/","name":"V\u00cdDEOS - Nagra","isPartOf":{"@id":"https:\/\/www.nagraaudio.com\/es\/#website"},"datePublished":"2020-08-19T15:29:32+00:00","dateModified":"2023-09-14T10:55:27+00:00","description":"Aqu\u00ed tienes una selecci\u00f3n de nuestros mejores v\u00eddeos. Testimonios, Conozca al experto, espect\u00e1culos y v\u00eddeos de eventos o productos. Visita tambi\u00e9n nuestro canal de Youtube","breadcrumb":{"@id":"https:\/\/www.nagraaudio.com\/es\/videos\/#breadcrumb"},"inLanguage":"es","potentialAction":[{"@type":"ReadAction","target":["https:\/\/www.nagraaudio.com\/es\/videos\/"]}]},{"@type":"BreadcrumbList","@id":"https:\/\/www.nagraaudio.com\/es\/videos\/#breadcrumb","itemListElement":[{"@type":"ListItem","position":1,"name":"Home","item":"https:\/\/www.nagraaudio.com\/es\/"},{"@type":"ListItem","position":2,"name":"V\u00cdDEOS"}]},{"@type":"WebSite","@id":"https:\/\/www.nagraaudio.com\/es\/#website","url":"https:\/\/www.nagraaudio.com\/es\/","name":"Nagra","description":"Professional Audio and High End Hifi","potentialAction":[{"@type":"SearchAction","target":{"@type":"EntryPoint","urlTemplate":"https:\/\/www.nagraaudio.com\/es\/?s={search_term_string}"},"query-input":{"@type":"PropertyValueSpecification","valueRequired":true,"valueName":"search_term_string"}}],"inLanguage":"es"}]}},"_links":{"self":[{"href":"https:\/\/www.nagraaudio.com\/es\/wp-json\/wp\/v2\/pages\/21143","targetHints":{"allow":["GET"]}}],"collection":[{"href":"https:\/\/www.nagraaudio.com\/es\/wp-json\/wp\/v2\/pages"}],"about":[{"href":"https:\/\/www.nagraaudio.com\/es\/wp-json\/wp\/v2\/types\/page"}],"author":[{"embeddable":true,"href":"https:\/\/www.nagraaudio.com\/es\/wp-json\/wp\/v2\/users\/1"}],"replies":[{"embeddable":true,"href":"https:\/\/www.nagraaudio.com\/es\/wp-json\/wp\/v2\/comments?post=21143"}],"version-history":[{"count":0,"href":"https:\/\/www.nagraaudio.com\/es\/wp-json\/wp\/v2\/pages\/21143\/revisions"}],"wp:attachment":[{"href":"https:\/\/www.nagraaudio.com\/es\/wp-json\/wp\/v2\/media?parent=21143"}],"curies":[{"name":"wp","href":"https:\/\/api.w.org\/{rel}","templated":true}]}}