{"id":43782,"date":"2026-01-20T15:44:43","date_gmt":"2026-01-20T14:44:43","guid":{"rendered":"https:\/\/www.nagraaudio.com\/?page_id=43782"},"modified":"2026-01-26T10:30:23","modified_gmt":"2026-01-26T09:30:23","slug":"die-serie-ii","status":"publish","type":"page","link":"https:\/\/www.nagraaudio.com\/de\/das-beste-vom-besten\/die-serie-ii\/","title":{"rendered":"Die Serie II"},"content":{"rendered":"","protected":false},"excerpt":{"rendered":"","protected":false},"author":2,"featured_media":0,"parent":14363,"menu_order":308,"comment_status":"closed","ping_status":"closed","template":"","meta":{"_acf_changed":false,"footnotes":""},"class_list":["post-43782","page","type-page","status-publish","hentry"],"acf":[],"yoast_head":"<!-- This site is optimized with the Yoast SEO plugin v27.3 - https:\/\/yoast.com\/product\/yoast-seo-wordpress\/ -->\n<title>NAGRA Serie II | Vorverst\u00e4rker<\/title>\n<meta name=\"description\" content=\"Die Series II verk\u00f6rpert Schweizer Pr\u00e4zision und Klangreinheit und bietet ein zeitloses Design, Referenzklasse-Leistung und ein kompromissloses H\u00f6rerlebnis f\u00fcr Audiophile.\" \/>\n<meta name=\"robots\" content=\"index, follow, max-snippet:-1, max-image-preview:large, max-video-preview:-1\" \/>\n<link rel=\"canonical\" href=\"https:\/\/www.nagraaudio.com\/de\/das-beste-vom-besten\/die-serie-ii\/\" \/>\n<meta property=\"og:locale\" content=\"de_DE\" \/>\n<meta property=\"og:type\" content=\"article\" \/>\n<meta property=\"og:title\" content=\"NAGRA Serie II | Vorverst\u00e4rker\" \/>\n<meta property=\"og:description\" content=\"Die Series II verk\u00f6rpert Schweizer Pr\u00e4zision und Klangreinheit und bietet ein zeitloses Design, Referenzklasse-Leistung und ein kompromissloses H\u00f6rerlebnis f\u00fcr Audiophile.\" \/>\n<meta property=\"og:url\" content=\"https:\/\/www.nagraaudio.com\/de\/das-beste-vom-besten\/die-serie-ii\/\" \/>\n<meta property=\"og:site_name\" content=\"Nagra\" \/>\n<meta property=\"article:publisher\" content=\"https:\/\/www.facebook.com\/nagraaudio\/\" \/>\n<meta property=\"article:modified_time\" content=\"2026-01-26T09:30:23+00:00\" \/>\n<meta name=\"twitter:card\" content=\"summary_large_image\" \/>\n<meta name=\"twitter:site\" content=\"@NAGRAAudio\" \/>\n<script type=\"application\/ld+json\" class=\"yoast-schema-graph\">{\"@context\":\"https:\\\/\\\/schema.org\",\"@graph\":[{\"@type\":\"WebPage\",\"@id\":\"https:\\\/\\\/www.nagraaudio.com\\\/de\\\/das-beste-vom-besten\\\/die-serie-ii\\\/\",\"url\":\"https:\\\/\\\/www.nagraaudio.com\\\/de\\\/das-beste-vom-besten\\\/die-serie-ii\\\/\",\"name\":\"NAGRA Serie II | Vorverst\u00e4rker\",\"isPartOf\":{\"@id\":\"https:\\\/\\\/www.nagraaudio.com\\\/de\\\/#website\"},\"datePublished\":\"2026-01-20T14:44:43+00:00\",\"dateModified\":\"2026-01-26T09:30:23+00:00\",\"description\":\"Die Series II verk\u00f6rpert Schweizer Pr\u00e4zision und Klangreinheit und bietet ein zeitloses Design, Referenzklasse-Leistung und ein kompromissloses H\u00f6rerlebnis f\u00fcr Audiophile.\",\"breadcrumb\":{\"@id\":\"https:\\\/\\\/www.nagraaudio.com\\\/de\\\/das-beste-vom-besten\\\/die-serie-ii\\\/#breadcrumb\"},\"inLanguage\":\"de\",\"potentialAction\":[{\"@type\":\"ReadAction\",\"target\":[\"https:\\\/\\\/www.nagraaudio.com\\\/de\\\/das-beste-vom-besten\\\/die-serie-ii\\\/\"]}]},{\"@type\":\"BreadcrumbList\",\"@id\":\"https:\\\/\\\/www.nagraaudio.com\\\/de\\\/das-beste-vom-besten\\\/die-serie-ii\\\/#breadcrumb\",\"itemListElement\":[{\"@type\":\"ListItem\",\"position\":1,\"name\":\"Home\",\"item\":\"https:\\\/\\\/www.nagraaudio.com\\\/de\\\/\"},{\"@type\":\"ListItem\",\"position\":2,\"name\":\"Das Beste vom Besten\",\"item\":\"https:\\\/\\\/www.nagraaudio.com\\\/de\\\/das-beste-vom-besten\\\/\"},{\"@type\":\"ListItem\",\"position\":3,\"name\":\"Die Serie II\"}]},{\"@type\":\"WebSite\",\"@id\":\"https:\\\/\\\/www.nagraaudio.com\\\/de\\\/#website\",\"url\":\"https:\\\/\\\/www.nagraaudio.com\\\/de\\\/\",\"name\":\"Nagra\",\"description\":\"Professional Audio and High End Hifi\",\"potentialAction\":[{\"@type\":\"SearchAction\",\"target\":{\"@type\":\"EntryPoint\",\"urlTemplate\":\"https:\\\/\\\/www.nagraaudio.com\\\/de\\\/?s={search_term_string}\"},\"query-input\":{\"@type\":\"PropertyValueSpecification\",\"valueRequired\":true,\"valueName\":\"search_term_string\"}}],\"inLanguage\":\"de\"}]}<\/script>\n<!-- \/ Yoast SEO plugin. -->","yoast_head_json":{"title":"NAGRA Serie II | Vorverst\u00e4rker","description":"Die Series II verk\u00f6rpert Schweizer Pr\u00e4zision und Klangreinheit und bietet ein zeitloses Design, Referenzklasse-Leistung und ein kompromissloses H\u00f6rerlebnis f\u00fcr Audiophile.","robots":{"index":"index","follow":"follow","max-snippet":"max-snippet:-1","max-image-preview":"max-image-preview:large","max-video-preview":"max-video-preview:-1"},"canonical":"https:\/\/www.nagraaudio.com\/de\/das-beste-vom-besten\/die-serie-ii\/","og_locale":"de_DE","og_type":"article","og_title":"NAGRA Serie II | Vorverst\u00e4rker","og_description":"Die Series II verk\u00f6rpert Schweizer Pr\u00e4zision und Klangreinheit und bietet ein zeitloses Design, Referenzklasse-Leistung und ein kompromissloses H\u00f6rerlebnis f\u00fcr Audiophile.","og_url":"https:\/\/www.nagraaudio.com\/de\/das-beste-vom-besten\/die-serie-ii\/","og_site_name":"Nagra","article_publisher":"https:\/\/www.facebook.com\/nagraaudio\/","article_modified_time":"2026-01-26T09:30:23+00:00","twitter_card":"summary_large_image","twitter_site":"@NAGRAAudio","schema":{"@context":"https:\/\/schema.org","@graph":[{"@type":"WebPage","@id":"https:\/\/www.nagraaudio.com\/de\/das-beste-vom-besten\/die-serie-ii\/","url":"https:\/\/www.nagraaudio.com\/de\/das-beste-vom-besten\/die-serie-ii\/","name":"NAGRA Serie II | Vorverst\u00e4rker","isPartOf":{"@id":"https:\/\/www.nagraaudio.com\/de\/#website"},"datePublished":"2026-01-20T14:44:43+00:00","dateModified":"2026-01-26T09:30:23+00:00","description":"Die Series II verk\u00f6rpert Schweizer Pr\u00e4zision und Klangreinheit und bietet ein zeitloses Design, Referenzklasse-Leistung und ein kompromissloses H\u00f6rerlebnis f\u00fcr Audiophile.","breadcrumb":{"@id":"https:\/\/www.nagraaudio.com\/de\/das-beste-vom-besten\/die-serie-ii\/#breadcrumb"},"inLanguage":"de","potentialAction":[{"@type":"ReadAction","target":["https:\/\/www.nagraaudio.com\/de\/das-beste-vom-besten\/die-serie-ii\/"]}]},{"@type":"BreadcrumbList","@id":"https:\/\/www.nagraaudio.com\/de\/das-beste-vom-besten\/die-serie-ii\/#breadcrumb","itemListElement":[{"@type":"ListItem","position":1,"name":"Home","item":"https:\/\/www.nagraaudio.com\/de\/"},{"@type":"ListItem","position":2,"name":"Das Beste vom Besten","item":"https:\/\/www.nagraaudio.com\/de\/das-beste-vom-besten\/"},{"@type":"ListItem","position":3,"name":"Die Serie II"}]},{"@type":"WebSite","@id":"https:\/\/www.nagraaudio.com\/de\/#website","url":"https:\/\/www.nagraaudio.com\/de\/","name":"Nagra","description":"Professional Audio and High End Hifi","potentialAction":[{"@type":"SearchAction","target":{"@type":"EntryPoint","urlTemplate":"https:\/\/www.nagraaudio.com\/de\/?s={search_term_string}"},"query-input":{"@type":"PropertyValueSpecification","valueRequired":true,"valueName":"search_term_string"}}],"inLanguage":"de"}]}},"_links":{"self":[{"href":"https:\/\/www.nagraaudio.com\/de\/wp-json\/wp\/v2\/pages\/43782","targetHints":{"allow":["GET"]}}],"collection":[{"href":"https:\/\/www.nagraaudio.com\/de\/wp-json\/wp\/v2\/pages"}],"about":[{"href":"https:\/\/www.nagraaudio.com\/de\/wp-json\/wp\/v2\/types\/page"}],"author":[{"embeddable":true,"href":"https:\/\/www.nagraaudio.com\/de\/wp-json\/wp\/v2\/users\/2"}],"replies":[{"embeddable":true,"href":"https:\/\/www.nagraaudio.com\/de\/wp-json\/wp\/v2\/comments?post=43782"}],"version-history":[{"count":3,"href":"https:\/\/www.nagraaudio.com\/de\/wp-json\/wp\/v2\/pages\/43782\/revisions"}],"predecessor-version":[{"id":43805,"href":"https:\/\/www.nagraaudio.com\/de\/wp-json\/wp\/v2\/pages\/43782\/revisions\/43805"}],"up":[{"embeddable":true,"href":"https:\/\/www.nagraaudio.com\/de\/wp-json\/wp\/v2\/pages\/14363"}],"wp:attachment":[{"href":"https:\/\/www.nagraaudio.com\/de\/wp-json\/wp\/v2\/media?parent=43782"}],"curies":[{"name":"wp","href":"https:\/\/api.w.org\/{rel}","templated":true}]}}