{"id":14068,"date":"2020-08-19T17:23:56","date_gmt":"2020-08-19T15:23:56","guid":{"rendered":"https:\/\/www.nagraaudio.com\/ausserordentliche-leistung\/"},"modified":"2022-02-18T15:39:21","modified_gmt":"2022-02-18T14:39:21","slug":"ausserordentliche-leistung","status":"publish","type":"page","link":"https:\/\/www.nagraaudio.com\/de\/ausserordentliche-leistung\/","title":{"rendered":"Au\u00dferw\u00f6hnliche Leistung"},"content":{"rendered":"","protected":false},"excerpt":{"rendered":"","protected":false},"author":1,"featured_media":0,"parent":0,"menu_order":443,"comment_status":"closed","ping_status":"closed","template":"","meta":{"_acf_changed":false,"footnotes":""},"class_list":["post-14068","page","type-page","status-publish","hentry"],"acf":[],"yoast_head":"<!-- This site is optimized with the Yoast SEO plugin v27.4 - https:\/\/yoast.com\/product\/yoast-seo-wordpress\/ -->\n<title>Erleben Sie das Nagra-Erlebnis -Au\u00dferw\u00f6hnliche Leistung - Nagra<\/title>\n<meta name=\"description\" content=\"Nagras Aufnahmeger\u00e4te waren bei der Produktion zahlloser Filme dabei\u00a0\u2013 selbst namhafte Hollywood-Blockbuster finden sich in dieser Liste. Zudem vertrauen auch Wissenschaftler, Forscher und K\u00fcnstler auf unsere Pr\u00e4zisionstechnik.\" \/>\n<meta name=\"robots\" content=\"index, follow, max-snippet:-1, max-image-preview:large, max-video-preview:-1\" \/>\n<link rel=\"canonical\" href=\"https:\/\/www.nagraaudio.com\/de\/ausserordentliche-leistung\/\" \/>\n<meta property=\"og:locale\" content=\"de_DE\" \/>\n<meta property=\"og:type\" content=\"article\" \/>\n<meta property=\"og:title\" content=\"Erleben Sie das Nagra-Erlebnis -Au\u00dferw\u00f6hnliche Leistung - Nagra\" \/>\n<meta property=\"og:description\" content=\"Nagras Aufnahmeger\u00e4te waren bei der Produktion zahlloser Filme dabei\u00a0\u2013 selbst namhafte Hollywood-Blockbuster finden sich in dieser Liste. Zudem vertrauen auch Wissenschaftler, Forscher und K\u00fcnstler auf unsere Pr\u00e4zisionstechnik.\" \/>\n<meta property=\"og:url\" content=\"https:\/\/www.nagraaudio.com\/de\/ausserordentliche-leistung\/\" \/>\n<meta property=\"og:site_name\" content=\"Nagra\" \/>\n<meta property=\"article:publisher\" content=\"https:\/\/www.facebook.com\/nagraaudio\/\" \/>\n<meta property=\"article:modified_time\" content=\"2022-02-18T14:39:21+00:00\" \/>\n<meta name=\"twitter:card\" content=\"summary_large_image\" \/>\n<meta name=\"twitter:site\" content=\"@NAGRAAudio\" \/>\n<script type=\"application\/ld+json\" class=\"yoast-schema-graph\">{\"@context\":\"https:\\\/\\\/schema.org\",\"@graph\":[{\"@type\":\"WebPage\",\"@id\":\"https:\\\/\\\/www.nagraaudio.com\\\/de\\\/ausserordentliche-leistung\\\/\",\"url\":\"https:\\\/\\\/www.nagraaudio.com\\\/de\\\/ausserordentliche-leistung\\\/\",\"name\":\"Erleben Sie das Nagra-Erlebnis -Au\u00dferw\u00f6hnliche Leistung - Nagra\",\"isPartOf\":{\"@id\":\"https:\\\/\\\/www.nagraaudio.com\\\/de\\\/#website\"},\"datePublished\":\"2020-08-19T15:23:56+00:00\",\"dateModified\":\"2022-02-18T14:39:21+00:00\",\"description\":\"Nagras Aufnahmeger\u00e4te waren bei der Produktion zahlloser Filme dabei\u00a0\u2013 selbst namhafte Hollywood-Blockbuster finden sich in dieser Liste. Zudem vertrauen auch Wissenschaftler, Forscher und K\u00fcnstler auf unsere Pr\u00e4zisionstechnik.\",\"breadcrumb\":{\"@id\":\"https:\\\/\\\/www.nagraaudio.com\\\/de\\\/ausserordentliche-leistung\\\/#breadcrumb\"},\"inLanguage\":\"de\",\"potentialAction\":[{\"@type\":\"ReadAction\",\"target\":[\"https:\\\/\\\/www.nagraaudio.com\\\/de\\\/ausserordentliche-leistung\\\/\"]}]},{\"@type\":\"BreadcrumbList\",\"@id\":\"https:\\\/\\\/www.nagraaudio.com\\\/de\\\/ausserordentliche-leistung\\\/#breadcrumb\",\"itemListElement\":[{\"@type\":\"ListItem\",\"position\":1,\"name\":\"Home\",\"item\":\"https:\\\/\\\/www.nagraaudio.com\\\/de\\\/\"},{\"@type\":\"ListItem\",\"position\":2,\"name\":\"Au\u00dferw\u00f6hnliche Leistung\"}]},{\"@type\":\"WebSite\",\"@id\":\"https:\\\/\\\/www.nagraaudio.com\\\/de\\\/#website\",\"url\":\"https:\\\/\\\/www.nagraaudio.com\\\/de\\\/\",\"name\":\"Nagra\",\"description\":\"Professional Audio and High End Hifi\",\"potentialAction\":[{\"@type\":\"SearchAction\",\"target\":{\"@type\":\"EntryPoint\",\"urlTemplate\":\"https:\\\/\\\/www.nagraaudio.com\\\/de\\\/?s={search_term_string}\"},\"query-input\":{\"@type\":\"PropertyValueSpecification\",\"valueRequired\":true,\"valueName\":\"search_term_string\"}}],\"inLanguage\":\"de\"}]}<\/script>\n<!-- \/ Yoast SEO plugin. -->","yoast_head_json":{"title":"Erleben Sie das Nagra-Erlebnis -Au\u00dferw\u00f6hnliche Leistung - Nagra","description":"Nagras Aufnahmeger\u00e4te waren bei der Produktion zahlloser Filme dabei\u00a0\u2013 selbst namhafte Hollywood-Blockbuster finden sich in dieser Liste. Zudem vertrauen auch Wissenschaftler, Forscher und K\u00fcnstler auf unsere Pr\u00e4zisionstechnik.","robots":{"index":"index","follow":"follow","max-snippet":"max-snippet:-1","max-image-preview":"max-image-preview:large","max-video-preview":"max-video-preview:-1"},"canonical":"https:\/\/www.nagraaudio.com\/de\/ausserordentliche-leistung\/","og_locale":"de_DE","og_type":"article","og_title":"Erleben Sie das Nagra-Erlebnis -Au\u00dferw\u00f6hnliche Leistung - Nagra","og_description":"Nagras Aufnahmeger\u00e4te waren bei der Produktion zahlloser Filme dabei\u00a0\u2013 selbst namhafte Hollywood-Blockbuster finden sich in dieser Liste. Zudem vertrauen auch Wissenschaftler, Forscher und K\u00fcnstler auf unsere Pr\u00e4zisionstechnik.","og_url":"https:\/\/www.nagraaudio.com\/de\/ausserordentliche-leistung\/","og_site_name":"Nagra","article_publisher":"https:\/\/www.facebook.com\/nagraaudio\/","article_modified_time":"2022-02-18T14:39:21+00:00","twitter_card":"summary_large_image","twitter_site":"@NAGRAAudio","schema":{"@context":"https:\/\/schema.org","@graph":[{"@type":"WebPage","@id":"https:\/\/www.nagraaudio.com\/de\/ausserordentliche-leistung\/","url":"https:\/\/www.nagraaudio.com\/de\/ausserordentliche-leistung\/","name":"Erleben Sie das Nagra-Erlebnis -Au\u00dferw\u00f6hnliche Leistung - Nagra","isPartOf":{"@id":"https:\/\/www.nagraaudio.com\/de\/#website"},"datePublished":"2020-08-19T15:23:56+00:00","dateModified":"2022-02-18T14:39:21+00:00","description":"Nagras Aufnahmeger\u00e4te waren bei der Produktion zahlloser Filme dabei\u00a0\u2013 selbst namhafte Hollywood-Blockbuster finden sich in dieser Liste. Zudem vertrauen auch Wissenschaftler, Forscher und K\u00fcnstler auf unsere Pr\u00e4zisionstechnik.","breadcrumb":{"@id":"https:\/\/www.nagraaudio.com\/de\/ausserordentliche-leistung\/#breadcrumb"},"inLanguage":"de","potentialAction":[{"@type":"ReadAction","target":["https:\/\/www.nagraaudio.com\/de\/ausserordentliche-leistung\/"]}]},{"@type":"BreadcrumbList","@id":"https:\/\/www.nagraaudio.com\/de\/ausserordentliche-leistung\/#breadcrumb","itemListElement":[{"@type":"ListItem","position":1,"name":"Home","item":"https:\/\/www.nagraaudio.com\/de\/"},{"@type":"ListItem","position":2,"name":"Au\u00dferw\u00f6hnliche Leistung"}]},{"@type":"WebSite","@id":"https:\/\/www.nagraaudio.com\/de\/#website","url":"https:\/\/www.nagraaudio.com\/de\/","name":"Nagra","description":"Professional Audio and High End Hifi","potentialAction":[{"@type":"SearchAction","target":{"@type":"EntryPoint","urlTemplate":"https:\/\/www.nagraaudio.com\/de\/?s={search_term_string}"},"query-input":{"@type":"PropertyValueSpecification","valueRequired":true,"valueName":"search_term_string"}}],"inLanguage":"de"}]}},"_links":{"self":[{"href":"https:\/\/www.nagraaudio.com\/de\/wp-json\/wp\/v2\/pages\/14068","targetHints":{"allow":["GET"]}}],"collection":[{"href":"https:\/\/www.nagraaudio.com\/de\/wp-json\/wp\/v2\/pages"}],"about":[{"href":"https:\/\/www.nagraaudio.com\/de\/wp-json\/wp\/v2\/types\/page"}],"author":[{"embeddable":true,"href":"https:\/\/www.nagraaudio.com\/de\/wp-json\/wp\/v2\/users\/1"}],"replies":[{"embeddable":true,"href":"https:\/\/www.nagraaudio.com\/de\/wp-json\/wp\/v2\/comments?post=14068"}],"version-history":[{"count":0,"href":"https:\/\/www.nagraaudio.com\/de\/wp-json\/wp\/v2\/pages\/14068\/revisions"}],"wp:attachment":[{"href":"https:\/\/www.nagraaudio.com\/de\/wp-json\/wp\/v2\/media?parent=14068"}],"curies":[{"name":"wp","href":"https:\/\/api.w.org\/{rel}","templated":true}]}}