{"id":13990,"date":"2020-08-19T17:23:52","date_gmt":"2020-08-19T15:23:52","guid":{"rendered":"https:\/\/www.nagraaudio.com\/kontaktinformationen-fuer-den-high-end-bereich\/"},"modified":"2023-03-03T12:59:21","modified_gmt":"2023-03-03T11:59:21","slug":"kontaktinformationen-fuer-den-high-end-bereich","status":"publish","type":"page","link":"https:\/\/www.nagraaudio.com\/de\/kontaktieren-sie-uns\/kontaktinformationen-fuer-den-high-end-bereich\/","title":{"rendered":"Kontaktinformationen f\u00fcr den High-End-Bereich"},"content":{"rendered":"","protected":false},"excerpt":{"rendered":"","protected":false},"author":1,"featured_media":0,"parent":14200,"menu_order":272,"comment_status":"closed","ping_status":"closed","template":"templates\/contact_dis_rev.php","meta":{"_acf_changed":false,"footnotes":""},"class_list":["post-13990","page","type-page","status-publish","hentry"],"acf":[],"yoast_head":"<!-- This site is optimized with the Yoast SEO plugin v27.3 - https:\/\/yoast.com\/product\/yoast-seo-wordpress\/ -->\n<title>High End und Pro Audio Stores \/ H\u00e4ndler in der ganzen Welt<\/title>\n<meta name=\"description\" content=\"Die Nagra ist in \u00fcber 30 L\u00e4ndern vertreten. Finden Sie Ihren H\u00e4ndler, vereinbaren Sie eine Demo und holen Sie sich das Beste aus High-End.\" \/>\n<meta name=\"robots\" content=\"index, follow, max-snippet:-1, max-image-preview:large, max-video-preview:-1\" \/>\n<link rel=\"canonical\" href=\"https:\/\/www.nagraaudio.com\/de\/kontaktieren-sie-uns\/kontaktinformationen-fuer-den-high-end-bereich\/\" \/>\n<meta property=\"og:locale\" content=\"de_DE\" \/>\n<meta property=\"og:type\" content=\"article\" \/>\n<meta property=\"og:title\" content=\"High End und Pro Audio Stores \/ H\u00e4ndler in der ganzen Welt\" \/>\n<meta property=\"og:description\" content=\"Die Nagra ist in \u00fcber 30 L\u00e4ndern vertreten. Finden Sie Ihren H\u00e4ndler, vereinbaren Sie eine Demo und holen Sie sich das Beste aus High-End.\" \/>\n<meta property=\"og:url\" content=\"https:\/\/www.nagraaudio.com\/de\/kontaktieren-sie-uns\/kontaktinformationen-fuer-den-high-end-bereich\/\" \/>\n<meta property=\"og:site_name\" content=\"Nagra\" \/>\n<meta property=\"article:publisher\" content=\"https:\/\/www.facebook.com\/nagraaudio\/\" \/>\n<meta property=\"article:modified_time\" content=\"2023-03-03T11:59:21+00:00\" \/>\n<meta name=\"twitter:card\" content=\"summary_large_image\" \/>\n<meta name=\"twitter:site\" content=\"@NAGRAAudio\" \/>\n<script type=\"application\/ld+json\" class=\"yoast-schema-graph\">{\"@context\":\"https:\\\/\\\/schema.org\",\"@graph\":[{\"@type\":\"WebPage\",\"@id\":\"https:\\\/\\\/www.nagraaudio.com\\\/de\\\/kontaktieren-sie-uns\\\/kontaktinformationen-fuer-den-high-end-bereich\\\/\",\"url\":\"https:\\\/\\\/www.nagraaudio.com\\\/de\\\/kontaktieren-sie-uns\\\/kontaktinformationen-fuer-den-high-end-bereich\\\/\",\"name\":\"High End und Pro Audio Stores \\\/ H\u00e4ndler in der ganzen Welt\",\"isPartOf\":{\"@id\":\"https:\\\/\\\/www.nagraaudio.com\\\/de\\\/#website\"},\"datePublished\":\"2020-08-19T15:23:52+00:00\",\"dateModified\":\"2023-03-03T11:59:21+00:00\",\"description\":\"Die Nagra ist in \u00fcber 30 L\u00e4ndern vertreten. Finden Sie Ihren H\u00e4ndler, vereinbaren Sie eine Demo und holen Sie sich das Beste aus High-End.\",\"breadcrumb\":{\"@id\":\"https:\\\/\\\/www.nagraaudio.com\\\/de\\\/kontaktieren-sie-uns\\\/kontaktinformationen-fuer-den-high-end-bereich\\\/#breadcrumb\"},\"inLanguage\":\"de\",\"potentialAction\":[{\"@type\":\"ReadAction\",\"target\":[\"https:\\\/\\\/www.nagraaudio.com\\\/de\\\/kontaktieren-sie-uns\\\/kontaktinformationen-fuer-den-high-end-bereich\\\/\"]}]},{\"@type\":\"BreadcrumbList\",\"@id\":\"https:\\\/\\\/www.nagraaudio.com\\\/de\\\/kontaktieren-sie-uns\\\/kontaktinformationen-fuer-den-high-end-bereich\\\/#breadcrumb\",\"itemListElement\":[{\"@type\":\"ListItem\",\"position\":1,\"name\":\"Home\",\"item\":\"https:\\\/\\\/www.nagraaudio.com\\\/de\\\/\"},{\"@type\":\"ListItem\",\"position\":2,\"name\":\"Kontaktieren Sie uns\",\"item\":\"https:\\\/\\\/www.nagraaudio.com\\\/de\\\/kontaktieren-sie-uns\\\/\"},{\"@type\":\"ListItem\",\"position\":3,\"name\":\"Kontaktinformationen f\u00fcr den High-End-Bereich\"}]},{\"@type\":\"WebSite\",\"@id\":\"https:\\\/\\\/www.nagraaudio.com\\\/de\\\/#website\",\"url\":\"https:\\\/\\\/www.nagraaudio.com\\\/de\\\/\",\"name\":\"Nagra\",\"description\":\"Professional Audio and High End Hifi\",\"potentialAction\":[{\"@type\":\"SearchAction\",\"target\":{\"@type\":\"EntryPoint\",\"urlTemplate\":\"https:\\\/\\\/www.nagraaudio.com\\\/de\\\/?s={search_term_string}\"},\"query-input\":{\"@type\":\"PropertyValueSpecification\",\"valueRequired\":true,\"valueName\":\"search_term_string\"}}],\"inLanguage\":\"de\"}]}<\/script>\n<!-- \/ Yoast SEO plugin. -->","yoast_head_json":{"title":"High End und Pro Audio Stores \/ H\u00e4ndler in der ganzen Welt","description":"Die Nagra ist in \u00fcber 30 L\u00e4ndern vertreten. Finden Sie Ihren H\u00e4ndler, vereinbaren Sie eine Demo und holen Sie sich das Beste aus High-End.","robots":{"index":"index","follow":"follow","max-snippet":"max-snippet:-1","max-image-preview":"max-image-preview:large","max-video-preview":"max-video-preview:-1"},"canonical":"https:\/\/www.nagraaudio.com\/de\/kontaktieren-sie-uns\/kontaktinformationen-fuer-den-high-end-bereich\/","og_locale":"de_DE","og_type":"article","og_title":"High End und Pro Audio Stores \/ H\u00e4ndler in der ganzen Welt","og_description":"Die Nagra ist in \u00fcber 30 L\u00e4ndern vertreten. Finden Sie Ihren H\u00e4ndler, vereinbaren Sie eine Demo und holen Sie sich das Beste aus High-End.","og_url":"https:\/\/www.nagraaudio.com\/de\/kontaktieren-sie-uns\/kontaktinformationen-fuer-den-high-end-bereich\/","og_site_name":"Nagra","article_publisher":"https:\/\/www.facebook.com\/nagraaudio\/","article_modified_time":"2023-03-03T11:59:21+00:00","twitter_card":"summary_large_image","twitter_site":"@NAGRAAudio","schema":{"@context":"https:\/\/schema.org","@graph":[{"@type":"WebPage","@id":"https:\/\/www.nagraaudio.com\/de\/kontaktieren-sie-uns\/kontaktinformationen-fuer-den-high-end-bereich\/","url":"https:\/\/www.nagraaudio.com\/de\/kontaktieren-sie-uns\/kontaktinformationen-fuer-den-high-end-bereich\/","name":"High End und Pro Audio Stores \/ H\u00e4ndler in der ganzen Welt","isPartOf":{"@id":"https:\/\/www.nagraaudio.com\/de\/#website"},"datePublished":"2020-08-19T15:23:52+00:00","dateModified":"2023-03-03T11:59:21+00:00","description":"Die Nagra ist in \u00fcber 30 L\u00e4ndern vertreten. Finden Sie Ihren H\u00e4ndler, vereinbaren Sie eine Demo und holen Sie sich das Beste aus High-End.","breadcrumb":{"@id":"https:\/\/www.nagraaudio.com\/de\/kontaktieren-sie-uns\/kontaktinformationen-fuer-den-high-end-bereich\/#breadcrumb"},"inLanguage":"de","potentialAction":[{"@type":"ReadAction","target":["https:\/\/www.nagraaudio.com\/de\/kontaktieren-sie-uns\/kontaktinformationen-fuer-den-high-end-bereich\/"]}]},{"@type":"BreadcrumbList","@id":"https:\/\/www.nagraaudio.com\/de\/kontaktieren-sie-uns\/kontaktinformationen-fuer-den-high-end-bereich\/#breadcrumb","itemListElement":[{"@type":"ListItem","position":1,"name":"Home","item":"https:\/\/www.nagraaudio.com\/de\/"},{"@type":"ListItem","position":2,"name":"Kontaktieren Sie uns","item":"https:\/\/www.nagraaudio.com\/de\/kontaktieren-sie-uns\/"},{"@type":"ListItem","position":3,"name":"Kontaktinformationen f\u00fcr den High-End-Bereich"}]},{"@type":"WebSite","@id":"https:\/\/www.nagraaudio.com\/de\/#website","url":"https:\/\/www.nagraaudio.com\/de\/","name":"Nagra","description":"Professional Audio and High End Hifi","potentialAction":[{"@type":"SearchAction","target":{"@type":"EntryPoint","urlTemplate":"https:\/\/www.nagraaudio.com\/de\/?s={search_term_string}"},"query-input":{"@type":"PropertyValueSpecification","valueRequired":true,"valueName":"search_term_string"}}],"inLanguage":"de"}]}},"_links":{"self":[{"href":"https:\/\/www.nagraaudio.com\/de\/wp-json\/wp\/v2\/pages\/13990","targetHints":{"allow":["GET"]}}],"collection":[{"href":"https:\/\/www.nagraaudio.com\/de\/wp-json\/wp\/v2\/pages"}],"about":[{"href":"https:\/\/www.nagraaudio.com\/de\/wp-json\/wp\/v2\/types\/page"}],"author":[{"embeddable":true,"href":"https:\/\/www.nagraaudio.com\/de\/wp-json\/wp\/v2\/users\/1"}],"replies":[{"embeddable":true,"href":"https:\/\/www.nagraaudio.com\/de\/wp-json\/wp\/v2\/comments?post=13990"}],"version-history":[{"count":0,"href":"https:\/\/www.nagraaudio.com\/de\/wp-json\/wp\/v2\/pages\/13990\/revisions"}],"up":[{"embeddable":true,"href":"https:\/\/www.nagraaudio.com\/de\/wp-json\/wp\/v2\/pages\/14200"}],"wp:attachment":[{"href":"https:\/\/www.nagraaudio.com\/de\/wp-json\/wp\/v2\/media?parent=13990"}],"curies":[{"name":"wp","href":"https:\/\/api.w.org\/{rel}","templated":true}]}}